{"id":3408,"date":"2025-07-04T12:56:25","date_gmt":"2025-07-04T11:56:25","guid":{"rendered":"https:\/\/www.felixgiralt.com\/productos\/sense%20categoria\/manec-ferro-zincat-renta-vehicles-180-cm\/"},"modified":"2026-03-02T15:03:17","modified_gmt":"2026-03-02T14:03:17","slug":"manec-ferro-zincat-renta-vehicles-180-cm","status":"publish","type":"product","link":"https:\/\/www.felixgiralt.com\/ca\/productes\/manecs\/manec-ferro-zincat-renta-vehicles-180-cm\/","title":{"rendered":"M\u00c0NEC FERRO ZINCAT RENTA-VEH\u00cdCLES 180 cm"},"content":{"rendered":"<p>M\u00e0nec met\u00e0l\u00b7lic de ferro zincat amb fluxe intern d\u2019aigua, per a raspalls neteja vehicles.<br \/>\nAmb connexi\u00f3 r\u00e0pida per a m\u00e0nega en un extrem i rosca pel raspall en l&#8217;altre.<br \/>\nDisposa d&#8217;agafador pl\u00e0stic ergon\u00f2mic.<\/p>\n<p>Longitud: 184,00\u202fcm \/ Di\u00e0metre: 2,7\u202fcm \/ Pes: 0,850 kg<br \/>\nM\u00e0nec recomanat pel raspall neteja vehicles 160004<\/p>\n<p><a href=\"https:\/\/www.felixgiralt.com\/wp-content\/uploads\/2026\/02\/FT-MANGOS-METALICOS-1.pdf\"><strong>VEURE FITXA T\u00c8CNICA<\/strong><\/a><\/p>\n","protected":false},"excerpt":{"rendered":"<p>M\u00e0nec met\u00e0l\u00b7lic de ferro zincat amb fluxe d&#8217;aigua, per a raspalls neteja vehicles. Longitud: 184,00\u202fcm<\/p>\n","protected":false},"featured_media":1082,"template":"","meta":{"_et_pb_use_builder":"","_et_pb_old_content":"","_et_gb_content_width":""},"product_brand":[],"product_cat":[70],"product_tag":[73,74],"class_list":{"0":"post-3408","1":"product","2":"type-product","3":"status-publish","4":"has-post-thumbnail","6":"product_cat-manecs","7":"product_tag-viaria-i-zones-verdes","8":"product_tag-industrial-i-llar","10":"first","11":"instock","12":"product-type-simple"},"_links":{"self":[{"href":"https:\/\/www.felixgiralt.com\/ca\/wp-json\/wp\/v2\/product\/3408","targetHints":{"allow":["GET"]}}],"collection":[{"href":"https:\/\/www.felixgiralt.com\/ca\/wp-json\/wp\/v2\/product"}],"about":[{"href":"https:\/\/www.felixgiralt.com\/ca\/wp-json\/wp\/v2\/types\/product"}],"wp:featuredmedia":[{"embeddable":true,"href":"https:\/\/www.felixgiralt.com\/ca\/wp-json\/wp\/v2\/media\/1082"}],"wp:attachment":[{"href":"https:\/\/www.felixgiralt.com\/ca\/wp-json\/wp\/v2\/media?parent=3408"}],"wp:term":[{"taxonomy":"product_brand","embeddable":true,"href":"https:\/\/www.felixgiralt.com\/ca\/wp-json\/wp\/v2\/product_brand?post=3408"},{"taxonomy":"product_cat","embeddable":true,"href":"https:\/\/www.felixgiralt.com\/ca\/wp-json\/wp\/v2\/product_cat?post=3408"},{"taxonomy":"product_tag","embeddable":true,"href":"https:\/\/www.felixgiralt.com\/ca\/wp-json\/wp\/v2\/product_tag?post=3408"}],"curies":[{"name":"wp","href":"https:\/\/api.w.org\/{rel}","templated":true}]}}