{"id":3406,"date":"2025-07-04T12:56:08","date_gmt":"2025-07-04T11:56:08","guid":{"rendered":"https:\/\/www.felixgiralt.com\/productos\/sense%20categoria\/pinzell\/"},"modified":"2025-07-09T11:36:43","modified_gmt":"2025-07-09T10:36:43","slug":"pinzell","status":"publish","type":"product","link":"https:\/\/www.felixgiralt.com\/ca\/productes\/escombres\/pinzell\/","title":{"rendered":"PINZELL"},"content":{"rendered":"<p>Pinzell tradicional petit i lleuger de palmell amb m\u00e0nec de fusta.<\/p>\n<p>Pinzell per utilitzar amb una m\u00e0, amb un pes aproximat de 96g, una longitud de fibra aproximada de 135mm i una amplada d&#8217;escombrada de 70mm. Ideal per a la neteja de cendres en forns i xemeneies de llenya.<\/p>\n<p>El m\u00e0nec \u00e9s de fusta i 19mm de di\u00e0metre i la pe\u00e7a completa t\u00e9 una longitud de 310mm<\/p>\n","protected":false},"excerpt":{"rendered":"<p>Pinzell tradicional de palmell per utilitzar amb una m\u00e0.<\/p>\n","protected":false},"featured_media":887,"template":"","meta":{"_et_pb_use_builder":"","_et_pb_old_content":"","_et_gb_content_width":""},"product_brand":[],"product_cat":[45],"product_tag":[74,75],"class_list":{"0":"post-3406","1":"product","2":"type-product","3":"status-publish","4":"has-post-thumbnail","6":"product_cat-escombres","7":"product_tag-industrial-i-llar","8":"product_tag-jardineria","10":"first","11":"instock","12":"product-type-simple"},"_links":{"self":[{"href":"https:\/\/www.felixgiralt.com\/ca\/wp-json\/wp\/v2\/product\/3406","targetHints":{"allow":["GET"]}}],"collection":[{"href":"https:\/\/www.felixgiralt.com\/ca\/wp-json\/wp\/v2\/product"}],"about":[{"href":"https:\/\/www.felixgiralt.com\/ca\/wp-json\/wp\/v2\/types\/product"}],"wp:featuredmedia":[{"embeddable":true,"href":"https:\/\/www.felixgiralt.com\/ca\/wp-json\/wp\/v2\/media\/887"}],"wp:attachment":[{"href":"https:\/\/www.felixgiralt.com\/ca\/wp-json\/wp\/v2\/media?parent=3406"}],"wp:term":[{"taxonomy":"product_brand","embeddable":true,"href":"https:\/\/www.felixgiralt.com\/ca\/wp-json\/wp\/v2\/product_brand?post=3406"},{"taxonomy":"product_cat","embeddable":true,"href":"https:\/\/www.felixgiralt.com\/ca\/wp-json\/wp\/v2\/product_cat?post=3406"},{"taxonomy":"product_tag","embeddable":true,"href":"https:\/\/www.felixgiralt.com\/ca\/wp-json\/wp\/v2\/product_tag?post=3406"}],"curies":[{"name":"wp","href":"https:\/\/api.w.org\/{rel}","templated":true}]}}