{"id":3397,"date":"2025-07-04T12:56:23","date_gmt":"2025-07-04T11:56:23","guid":{"rendered":"https:\/\/www.felixgiralt.com\/productos\/sense%20categoria\/manec-de-fusta-amb-punta-conica-135m-o25mm\/"},"modified":"2025-07-09T11:36:41","modified_gmt":"2025-07-09T10:36:41","slug":"manec-de-fusta-amb-punta-conica-135m-o25mm","status":"publish","type":"product","link":"https:\/\/www.felixgiralt.com\/ca\/productes\/manecs\/manecs-sense-rosca\/manec-de-fusta-amb-punta-conica-135m-o25mm\/","title":{"rendered":"M\u00c0NEC DE FUSTA AMB PUNTA C\u00d2NICA( 1,35m \/ \u00d825mm)"},"content":{"rendered":"<p>M\u00e0nec de fusta amb punta c\u00f2nica.<br \/>\n<br \/>Longitud: 1,35m  \/ Di\u00e0metre: 25mm<br \/>\n<br \/>M\u00e0nec recomanat per les refer\u00e8ncies: 120011 \/ 180001 \/ 180002 \/ 180006<\/p>\n","protected":false},"excerpt":{"rendered":"<p>M\u00e0nec de fusta amb punta c\u00f2nica.<br \/>\nnLongitud: 1,35m  \/ Di\u00e0metre: 25mm<\/p>\n","protected":false},"featured_media":1076,"template":"","meta":{"_et_pb_use_builder":"","_et_pb_old_content":"","_et_gb_content_width":""},"product_brand":[],"product_cat":[72,70],"product_tag":[74,75,73],"class_list":{"0":"post-3397","1":"product","2":"type-product","3":"status-publish","4":"has-post-thumbnail","6":"product_cat-manecs-sense-rosca","7":"product_cat-manecs","8":"product_tag-industrial-i-llar","9":"product_tag-jardineria","10":"product_tag-viaria-i-zones-verdes","12":"first","13":"instock","14":"product-type-simple"},"_links":{"self":[{"href":"https:\/\/www.felixgiralt.com\/ca\/wp-json\/wp\/v2\/product\/3397","targetHints":{"allow":["GET"]}}],"collection":[{"href":"https:\/\/www.felixgiralt.com\/ca\/wp-json\/wp\/v2\/product"}],"about":[{"href":"https:\/\/www.felixgiralt.com\/ca\/wp-json\/wp\/v2\/types\/product"}],"wp:featuredmedia":[{"embeddable":true,"href":"https:\/\/www.felixgiralt.com\/ca\/wp-json\/wp\/v2\/media\/1076"}],"wp:attachment":[{"href":"https:\/\/www.felixgiralt.com\/ca\/wp-json\/wp\/v2\/media?parent=3397"}],"wp:term":[{"taxonomy":"product_brand","embeddable":true,"href":"https:\/\/www.felixgiralt.com\/ca\/wp-json\/wp\/v2\/product_brand?post=3397"},{"taxonomy":"product_cat","embeddable":true,"href":"https:\/\/www.felixgiralt.com\/ca\/wp-json\/wp\/v2\/product_cat?post=3397"},{"taxonomy":"product_tag","embeddable":true,"href":"https:\/\/www.felixgiralt.com\/ca\/wp-json\/wp\/v2\/product_tag?post=3397"}],"curies":[{"name":"wp","href":"https:\/\/api.w.org\/{rel}","templated":true}]}}