{"id":3390,"date":"2025-07-04T12:56:20","date_gmt":"2025-07-04T11:56:20","guid":{"rendered":"https:\/\/www.felixgiralt.com\/productos\/sense%20categoria\/cubell-plastic-de-95-litres-amb-tapa\/"},"modified":"2025-09-26T12:55:35","modified_gmt":"2025-09-26T11:55:35","slug":"cubell-plastico-de-95-litros-con-tapa","status":"publish","type":"product","link":"https:\/\/www.felixgiralt.com\/ca\/productes\/carretons\/recanvis-i-complements\/cubell-plastico-de-95-litros-con-tapa\/","title":{"rendered":"CUBELL PL\u00c0STIC DE 95 LITRES AMB TAPA"},"content":{"rendered":"<p>Cubell pl\u00e0stic de 95 litres amb tapa, fabricat amb material reciclat. Disposa de dues nanses met\u00e0l\u00b7liques d&#8217;acer zincat per fixar la tapa tancada.<\/p>\n<p>Les dimensions del cub s\u00f3n de radi superior de 49,50 cm, de radi inferior 37,50, una al\u00e7ada de 64,00 cm i un pes aproximat de 3,60 kg.<\/p>\n<p>Ideal per als nostres carros de neteja vi\u00e0ria BI-100B, BI-100, BI-100P, BI-200 i BI-200P.<\/p>\n","protected":false},"excerpt":{"rendered":"<p>Cubell pl\u00e0stic de 95 litres amb tapa, fabricat amb material reciclat. Disposa de dues nanses met\u00e0l\u00b7liques d&#8217;acer zincat per tancar la tapa.<\/p>\n","protected":false},"featured_media":629,"template":"","meta":{"_et_pb_use_builder":"","_et_pb_old_content":"","_et_gb_content_width":""},"product_brand":[],"product_cat":[57,62],"product_tag":[74,75,73],"class_list":{"0":"post-3390","1":"product","2":"type-product","3":"status-publish","4":"has-post-thumbnail","6":"product_cat-recanvis-i-complements","7":"product_cat-contenidors-de-residus","8":"product_tag-industrial-i-llar","9":"product_tag-jardineria","10":"product_tag-viaria-i-zones-verdes","12":"first","13":"instock","14":"product-type-simple"},"_links":{"self":[{"href":"https:\/\/www.felixgiralt.com\/ca\/wp-json\/wp\/v2\/product\/3390","targetHints":{"allow":["GET"]}}],"collection":[{"href":"https:\/\/www.felixgiralt.com\/ca\/wp-json\/wp\/v2\/product"}],"about":[{"href":"https:\/\/www.felixgiralt.com\/ca\/wp-json\/wp\/v2\/types\/product"}],"wp:featuredmedia":[{"embeddable":true,"href":"https:\/\/www.felixgiralt.com\/ca\/wp-json\/wp\/v2\/media\/629"}],"wp:attachment":[{"href":"https:\/\/www.felixgiralt.com\/ca\/wp-json\/wp\/v2\/media?parent=3390"}],"wp:term":[{"taxonomy":"product_brand","embeddable":true,"href":"https:\/\/www.felixgiralt.com\/ca\/wp-json\/wp\/v2\/product_brand?post=3390"},{"taxonomy":"product_cat","embeddable":true,"href":"https:\/\/www.felixgiralt.com\/ca\/wp-json\/wp\/v2\/product_cat?post=3390"},{"taxonomy":"product_tag","embeddable":true,"href":"https:\/\/www.felixgiralt.com\/ca\/wp-json\/wp\/v2\/product_tag?post=3390"}],"curies":[{"name":"wp","href":"https:\/\/api.w.org\/{rel}","templated":true}]}}