{"id":3383,"date":"2025-07-04T12:56:17","date_gmt":"2025-07-04T11:56:17","guid":{"rendered":"https:\/\/www.felixgiralt.com\/productos\/sense%20categoria\/carreto-descombriaire-dacer-inoxidable-di-260\/"},"modified":"2025-07-09T11:36:38","modified_gmt":"2025-07-09T10:36:38","slug":"carreto-descombriaire-dacer-inoxidable-di-260","status":"publish","type":"product","link":"https:\/\/www.felixgiralt.com\/ca\/productes\/carretons\/carreto-descombriaire-dacer-inoxidable-di-260\/","title":{"rendered":"CARRET\u00d3 D&#8217;ESCOMBRIAIRE D&#8217;ACER INOXIDABLE  DI-260"},"content":{"rendered":"<p>Carret\u00f3 d\u2019escombriaire lleuger i ergon\u00f2mic DI-260, d&#8217;acer inoxidable AISI-304, per a quatre contenidors de 65 litres per la classificaci\u00f3 de residus en quatre fraccions en el mateix moment de la recollida.<\/p>\n<p>Carret\u00f3 especialment dissenyat per la neteja vi\u00e0ria, disposa de m\u00faltiples suports compatibles amb els estris de neteja habituals. Dissenyat amb dues rodes posteriors situades en el mateix eix i de di\u00e0metre 50cm. La roda davantera \u00e9s direccional, amb fre i 15cm de di\u00e0metre. Totes les rodes poden ser pneum\u00e0tiques o massisses.<br \/>\n<br \/>Disposa a m\u00e9s d\u2019una caixa amb clau per dipositar els objectes personals de l\u2019usuari, recanvis de bosses de brossa, etc. (opcional)<\/p>\n<p>Ideal per la neteja vi\u00e0ria, la retirada de residus, el manteniment de zones verdes i la jardineria.<\/p>\n","protected":false},"excerpt":{"rendered":"<p>Carret\u00f3 d\u2019escombriaire de gamma alta DI-260, lleuger i ergon\u00f2mic, d&#8217;acer inoxidable AISI-304, per a quatre contenidors de 65 litres per la classificaci\u00f3 de residus en quatre fraccions.<\/p>\n","protected":false},"featured_media":426,"template":"","meta":{"_et_pb_use_builder":"","_et_pb_old_content":"","_et_gb_content_width":""},"product_brand":[],"product_cat":[56],"product_tag":[73,74],"class_list":{"0":"post-3383","1":"product","2":"type-product","3":"status-publish","4":"has-post-thumbnail","6":"product_cat-carretons","7":"product_tag-viaria-i-zones-verdes","8":"product_tag-industrial-i-llar","10":"first","11":"instock","12":"product-type-simple"},"_links":{"self":[{"href":"https:\/\/www.felixgiralt.com\/ca\/wp-json\/wp\/v2\/product\/3383","targetHints":{"allow":["GET"]}}],"collection":[{"href":"https:\/\/www.felixgiralt.com\/ca\/wp-json\/wp\/v2\/product"}],"about":[{"href":"https:\/\/www.felixgiralt.com\/ca\/wp-json\/wp\/v2\/types\/product"}],"wp:featuredmedia":[{"embeddable":true,"href":"https:\/\/www.felixgiralt.com\/ca\/wp-json\/wp\/v2\/media\/426"}],"wp:attachment":[{"href":"https:\/\/www.felixgiralt.com\/ca\/wp-json\/wp\/v2\/media?parent=3383"}],"wp:term":[{"taxonomy":"product_brand","embeddable":true,"href":"https:\/\/www.felixgiralt.com\/ca\/wp-json\/wp\/v2\/product_brand?post=3383"},{"taxonomy":"product_cat","embeddable":true,"href":"https:\/\/www.felixgiralt.com\/ca\/wp-json\/wp\/v2\/product_cat?post=3383"},{"taxonomy":"product_tag","embeddable":true,"href":"https:\/\/www.felixgiralt.com\/ca\/wp-json\/wp\/v2\/product_tag?post=3383"}],"curies":[{"name":"wp","href":"https:\/\/api.w.org\/{rel}","templated":true}]}}