{"id":3376,"date":"2025-07-04T12:56:17","date_gmt":"2025-07-04T11:56:17","guid":{"rendered":"https:\/\/www.felixgiralt.com\/productos\/sense%20categoria\/carreto-descombriaire-dacer-inoxidable-ci-100\/"},"modified":"2025-07-09T11:36:35","modified_gmt":"2025-07-09T10:36:35","slug":"carreto-descombriaire-dacer-inoxidable-ci-100","status":"publish","type":"product","link":"https:\/\/www.felixgiralt.com\/ca\/productes\/carretons\/carreto-descombriaire-dacer-inoxidable-ci-100\/","title":{"rendered":"CARRET\u00d3 D&#8217;ESCOMBRIAIRE D&#8217;ACER INOXIDABLE CI-100"},"content":{"rendered":"<p>Carret\u00f3 d\u2019escombriaire CI-100 d&#8217;acer inoxidable per a un cab\u00e0s de 100 litres. Inclou suports per a estris de neteja.<\/p>\n<p>Carret\u00f3 lleuger i maniobrable, amb dues rodes massisses de goma negra i acer estampat. Amb una amplada m\u00e0xima de 73cm, una al\u00e7ada de 108cm i un pes aproximat conjunt del carret\u00f3 amb el cab\u00e0s d&#8217;11,10 kg. Ideal per la neteja vi\u00e0ria, la retirada de residus, el manteniment de zones verdes i la jardineria.<\/p>\n","protected":false},"excerpt":{"rendered":"<p>Carret\u00f3 d&#8217;escombriaire de gamma alta d&#8217;acer inoxidable per a un cab\u00e0s de 100 litres. Inclou dos suports per a estris de neteja.<\/p>\n","protected":false},"featured_media":647,"template":"","meta":{"_et_pb_use_builder":"","_et_pb_old_content":"","_et_gb_content_width":""},"product_brand":[],"product_cat":[56],"product_tag":[73,74,75],"class_list":{"0":"post-3376","1":"product","2":"type-product","3":"status-publish","4":"has-post-thumbnail","6":"product_cat-carretons","7":"product_tag-viaria-i-zones-verdes","8":"product_tag-industrial-i-llar","9":"product_tag-jardineria","11":"first","12":"instock","13":"product-type-simple"},"_links":{"self":[{"href":"https:\/\/www.felixgiralt.com\/ca\/wp-json\/wp\/v2\/product\/3376","targetHints":{"allow":["GET"]}}],"collection":[{"href":"https:\/\/www.felixgiralt.com\/ca\/wp-json\/wp\/v2\/product"}],"about":[{"href":"https:\/\/www.felixgiralt.com\/ca\/wp-json\/wp\/v2\/types\/product"}],"wp:featuredmedia":[{"embeddable":true,"href":"https:\/\/www.felixgiralt.com\/ca\/wp-json\/wp\/v2\/media\/647"}],"wp:attachment":[{"href":"https:\/\/www.felixgiralt.com\/ca\/wp-json\/wp\/v2\/media?parent=3376"}],"wp:term":[{"taxonomy":"product_brand","embeddable":true,"href":"https:\/\/www.felixgiralt.com\/ca\/wp-json\/wp\/v2\/product_brand?post=3376"},{"taxonomy":"product_cat","embeddable":true,"href":"https:\/\/www.felixgiralt.com\/ca\/wp-json\/wp\/v2\/product_cat?post=3376"},{"taxonomy":"product_tag","embeddable":true,"href":"https:\/\/www.felixgiralt.com\/ca\/wp-json\/wp\/v2\/product_tag?post=3376"}],"curies":[{"name":"wp","href":"https:\/\/api.w.org\/{rel}","templated":true}]}}