{"id":3371,"date":"2025-07-04T12:56:15","date_gmt":"2025-07-04T11:56:15","guid":{"rendered":"https:\/\/www.felixgiralt.com\/productos\/sense%20categoria\/cabas-agricola-de-42-litres\/"},"modified":"2025-07-09T11:36:32","modified_gmt":"2025-07-09T10:36:32","slug":"cabas-agricola-de-42-litres","status":"publish","type":"product","link":"https:\/\/www.felixgiralt.com\/ca\/productes\/cabassos\/cabas-agricola-de-42-litres\/","title":{"rendered":"CAB\u00c0S AGR\u00cdCOLA DE 42 LITRES"},"content":{"rendered":"<p>Cab\u00e0s pl\u00e0stic de 42 litres de color gris fosc, amb dues nanses, lleuger i flexible.<\/p>\n<p>Amb una capacitat de 42 litres sense tancar les nanses, un di\u00e0metre superior aproximat de 44cm, un di\u00e0metre inferior de 34cm. i una al\u00e7ada de 33,50cm, fan que sigui ideal per la recollida de restes de jardineria.<\/p>\n","protected":false},"excerpt":{"rendered":"<p>Cab\u00e0s pl\u00e0stic de 42 litres de color gris fosc, amb dues nanses, lleuger, flexible i per utilitzar amb una sola m\u00e0.<\/p>\n","protected":false},"featured_media":475,"template":"","meta":{"_et_pb_use_builder":"","_et_pb_old_content":"","_et_gb_content_width":""},"product_brand":[],"product_cat":[55],"product_tag":[75,73,74],"class_list":{"0":"post-3371","1":"product","2":"type-product","3":"status-publish","4":"has-post-thumbnail","6":"product_cat-cabassos","7":"product_tag-jardineria","8":"product_tag-viaria-i-zones-verdes","9":"product_tag-industrial-i-llar","11":"first","12":"instock","13":"product-type-simple"},"_links":{"self":[{"href":"https:\/\/www.felixgiralt.com\/ca\/wp-json\/wp\/v2\/product\/3371","targetHints":{"allow":["GET"]}}],"collection":[{"href":"https:\/\/www.felixgiralt.com\/ca\/wp-json\/wp\/v2\/product"}],"about":[{"href":"https:\/\/www.felixgiralt.com\/ca\/wp-json\/wp\/v2\/types\/product"}],"wp:featuredmedia":[{"embeddable":true,"href":"https:\/\/www.felixgiralt.com\/ca\/wp-json\/wp\/v2\/media\/475"}],"wp:attachment":[{"href":"https:\/\/www.felixgiralt.com\/ca\/wp-json\/wp\/v2\/media?parent=3371"}],"wp:term":[{"taxonomy":"product_brand","embeddable":true,"href":"https:\/\/www.felixgiralt.com\/ca\/wp-json\/wp\/v2\/product_brand?post=3371"},{"taxonomy":"product_cat","embeddable":true,"href":"https:\/\/www.felixgiralt.com\/ca\/wp-json\/wp\/v2\/product_cat?post=3371"},{"taxonomy":"product_tag","embeddable":true,"href":"https:\/\/www.felixgiralt.com\/ca\/wp-json\/wp\/v2\/product_tag?post=3371"}],"curies":[{"name":"wp","href":"https:\/\/api.w.org\/{rel}","templated":true}]}}