{"id":3370,"date":"2025-07-04T12:56:15","date_gmt":"2025-07-04T11:56:15","guid":{"rendered":"https:\/\/www.felixgiralt.com\/productos\/sense%20categoria\/cabas-ergonomic-petit-de-31-cm-dalcada-de-color-gris-amb-2-nanses-de-cuir\/"},"modified":"2025-09-26T12:36:27","modified_gmt":"2025-09-26T11:36:27","slug":"cabas-escombriaire-ergonomic-petit-de-31-cm-dalcada-de-color-gris-amb-2-nanses-de-cuir","status":"publish","type":"product","link":"https:\/\/www.felixgiralt.com\/ca\/productes\/cabassos\/cabas-escombriaire-ergonomic-petit-de-31-cm-dalcada-de-color-gris-amb-2-nanses-de-cuir\/","title":{"rendered":"CAB\u00c0S ESCOMBRIAIRE ERGON\u00d2MIC PETIT, DE 31 CM D&#8217;AL\u00c7ADA, DE COLOR GRIS AMB 2 NANSES DE CUIR"},"content":{"rendered":"<p>Cab\u00e0s escombriaire ergon\u00f2mic petit, de 31cm d&#8217;al\u00e7ada, de color gris, amb dues nanses de cuir, lleuger i molt flexible.<\/p>\n<p>El seu disseny amb les nanses en disposici\u00f3 assim\u00e8trica facilita el seu \u00fas com a recollidor. <\/p>\n<p>L\u2019exclusiu disseny ergon\u00f2mic dels agafadors inferiors juntament amb el fons arquejat, fan que pugui subjectar-se amb facilitat i de forma segura al moment d\u2019aixecar i buidar el cab\u00e0s.<\/p>\n<p>Amb una capacitat de 60 litres sense tancar les nanses, un di\u00e0metre superior aproximat de 64cm, un di\u00e0metre inferior de 34cm. i la utilitzaci\u00f3 de materials adequats per dotar el cab\u00e0s de flexibilitat i resist\u00e8ncia, fan que sigui ideal per a la neteja vi\u00e0ria i jardineria.<\/p>\n","protected":false},"excerpt":{"rendered":"<p>Cab\u00e0s escombriaire ergon\u00f2mic petit, de 31 cm d&#8217;al\u00e7ada, de color gris, amb dues nanses de cuir, lleuger i molt flexible, per utilitzar amb una sola m\u00e0.<\/p>\n","protected":false},"featured_media":3560,"template":"","meta":{"_et_pb_use_builder":"","_et_pb_old_content":"","_et_gb_content_width":""},"product_brand":[],"product_cat":[55],"product_tag":[73,74,75],"class_list":{"0":"post-3370","1":"product","2":"type-product","3":"status-publish","4":"has-post-thumbnail","6":"product_cat-cabassos","7":"product_tag-viaria-i-zones-verdes","8":"product_tag-industrial-i-llar","9":"product_tag-jardineria","11":"first","12":"instock","13":"product-type-simple"},"_links":{"self":[{"href":"https:\/\/www.felixgiralt.com\/ca\/wp-json\/wp\/v2\/product\/3370","targetHints":{"allow":["GET"]}}],"collection":[{"href":"https:\/\/www.felixgiralt.com\/ca\/wp-json\/wp\/v2\/product"}],"about":[{"href":"https:\/\/www.felixgiralt.com\/ca\/wp-json\/wp\/v2\/types\/product"}],"wp:featuredmedia":[{"embeddable":true,"href":"https:\/\/www.felixgiralt.com\/ca\/wp-json\/wp\/v2\/media\/3560"}],"wp:attachment":[{"href":"https:\/\/www.felixgiralt.com\/ca\/wp-json\/wp\/v2\/media?parent=3370"}],"wp:term":[{"taxonomy":"product_brand","embeddable":true,"href":"https:\/\/www.felixgiralt.com\/ca\/wp-json\/wp\/v2\/product_brand?post=3370"},{"taxonomy":"product_cat","embeddable":true,"href":"https:\/\/www.felixgiralt.com\/ca\/wp-json\/wp\/v2\/product_cat?post=3370"},{"taxonomy":"product_tag","embeddable":true,"href":"https:\/\/www.felixgiralt.com\/ca\/wp-json\/wp\/v2\/product_tag?post=3370"}],"curies":[{"name":"wp","href":"https:\/\/api.w.org\/{rel}","templated":true}]}}