{"id":3368,"date":"2025-07-04T12:56:15","date_gmt":"2025-07-04T11:56:15","guid":{"rendered":"https:\/\/www.felixgiralt.com\/productos\/sense%20categoria\/cabas-ergonomic-de-color-gris-amb-3-nanses-metal%c2%b7liques\/"},"modified":"2025-09-26T13:05:54","modified_gmt":"2025-09-26T12:05:54","slug":"cabas-escombriaire-ergonomic-de-color-gris-con-3-nanses-metalliques","status":"publish","type":"product","link":"https:\/\/www.felixgiralt.com\/ca\/productes\/cabassos\/cabas-escombriaire-ergonomic-de-color-gris-con-3-nanses-metalliques\/","title":{"rendered":"CAB\u00c0S ESCOMBRIAIRE ERGON\u00d2MIC DE COLOR GRIS AMB 3 NANSES MET\u00c0L\u00b7LIQUES"},"content":{"rendered":"<p>Cab\u00e0s escombriarie ergon\u00f2mic de color gris, amb 3 nanses met\u00e0l\u00b7liques, lleuger i molt flexible.<\/p>\n<p>El seu disseny amb les nanses en disposici\u00f3 assim\u00e8trica facilita el seu \u00fas com a recollidor. <\/p>\n<p>L\u2019exclusiu disseny ergon\u00f2mic dels agafadors inferiors juntament amb el fons arquejat, fan que pugui subjectar-se amb facilitat i de forma segura al moment d\u2019aixecar i buidar el cab\u00e0s.<\/p>\n<p>Amb una capacitat de 100 litres sense tancar les nanses, un di\u00e0metre superior aproximat de 73cm i un di\u00e0metre inferior de 34cm i la utilitzaci\u00f3 de materials adequats per dotar el cab\u00e0s de flexibilitat i resist\u00e8ncia, fan que sigui ideal per a la neteja vi\u00e0ria i la jardineria.<\/p>\n","protected":false},"excerpt":{"rendered":"<p>Cab\u00e0s escombriarie ergon\u00f2mic de color gris, amb 3 nanses met\u00e0l\u00b7liques, lleuger i molt flexible, per utilitzar amb una sola m\u00e0.<\/p>\n","protected":false},"featured_media":590,"template":"","meta":{"_et_pb_use_builder":"","_et_pb_old_content":"","_et_gb_content_width":""},"product_brand":[],"product_cat":[55],"product_tag":[75,73,74],"class_list":{"0":"post-3368","1":"product","2":"type-product","3":"status-publish","4":"has-post-thumbnail","6":"product_cat-cabassos","7":"product_tag-jardineria","8":"product_tag-viaria-i-zones-verdes","9":"product_tag-industrial-i-llar","11":"first","12":"instock","13":"product-type-simple"},"_links":{"self":[{"href":"https:\/\/www.felixgiralt.com\/ca\/wp-json\/wp\/v2\/product\/3368","targetHints":{"allow":["GET"]}}],"collection":[{"href":"https:\/\/www.felixgiralt.com\/ca\/wp-json\/wp\/v2\/product"}],"about":[{"href":"https:\/\/www.felixgiralt.com\/ca\/wp-json\/wp\/v2\/types\/product"}],"wp:featuredmedia":[{"embeddable":true,"href":"https:\/\/www.felixgiralt.com\/ca\/wp-json\/wp\/v2\/media\/590"}],"wp:attachment":[{"href":"https:\/\/www.felixgiralt.com\/ca\/wp-json\/wp\/v2\/media?parent=3368"}],"wp:term":[{"taxonomy":"product_brand","embeddable":true,"href":"https:\/\/www.felixgiralt.com\/ca\/wp-json\/wp\/v2\/product_brand?post=3368"},{"taxonomy":"product_cat","embeddable":true,"href":"https:\/\/www.felixgiralt.com\/ca\/wp-json\/wp\/v2\/product_cat?post=3368"},{"taxonomy":"product_tag","embeddable":true,"href":"https:\/\/www.felixgiralt.com\/ca\/wp-json\/wp\/v2\/product_tag?post=3368"}],"curies":[{"name":"wp","href":"https:\/\/api.w.org\/{rel}","templated":true}]}}