{"id":3363,"date":"2025-07-04T12:56:12","date_gmt":"2025-07-04T11:56:12","guid":{"rendered":"https:\/\/www.felixgiralt.com\/productos\/sense%20categoria\/punxo-recull-objectes\/"},"modified":"2025-07-09T11:36:30","modified_gmt":"2025-07-09T10:36:30","slug":"punxo-recull-objectes","status":"publish","type":"product","link":"https:\/\/www.felixgiralt.com\/ca\/productes\/pinces-i-punxons\/punxo-recull-objectes\/","title":{"rendered":"PUNX\u00d3 RECULL OBJECTES"},"content":{"rendered":"<p>Punx\u00f3 recollidor, lleuger i resistent.<\/p>\n<p>Punx\u00f3 amb m\u00e0nec d&#8217;alumini, caputxa de polietil\u00e8 i punta d&#8217;acer galvanitzat inserida en cilindre de nil\u00f3. Amb un pes aproximat de 210 g i una llargada total de 970mm.<\/p>\n<p>Punx\u00f3 professional per la neteja vi\u00e0ria, el manteniment de zones verdes, la jardineria i la gesti\u00f3 de carreteres.<\/p>\n","protected":false},"excerpt":{"rendered":"<p>Punx\u00f3 recollidor, lleuger i resistent, per a utilitzar amb una sola m\u00e0. Ideal per la neteja vi\u00e0ria, el manteniment de zones verdes, la jardineria i la gesti\u00f3 de carreteres.<\/p>\n","protected":false},"featured_media":1049,"template":"","meta":{"_et_pb_use_builder":"","_et_pb_old_content":"","_et_gb_content_width":""},"product_brand":[],"product_cat":[144],"product_tag":[73,74,75],"class_list":{"0":"post-3363","1":"product","2":"type-product","3":"status-publish","4":"has-post-thumbnail","6":"product_cat-pinces-i-punxons","7":"product_tag-viaria-i-zones-verdes","8":"product_tag-industrial-i-llar","9":"product_tag-jardineria","11":"first","12":"instock","13":"product-type-simple"},"_links":{"self":[{"href":"https:\/\/www.felixgiralt.com\/ca\/wp-json\/wp\/v2\/product\/3363","targetHints":{"allow":["GET"]}}],"collection":[{"href":"https:\/\/www.felixgiralt.com\/ca\/wp-json\/wp\/v2\/product"}],"about":[{"href":"https:\/\/www.felixgiralt.com\/ca\/wp-json\/wp\/v2\/types\/product"}],"wp:featuredmedia":[{"embeddable":true,"href":"https:\/\/www.felixgiralt.com\/ca\/wp-json\/wp\/v2\/media\/1049"}],"wp:attachment":[{"href":"https:\/\/www.felixgiralt.com\/ca\/wp-json\/wp\/v2\/media?parent=3363"}],"wp:term":[{"taxonomy":"product_brand","embeddable":true,"href":"https:\/\/www.felixgiralt.com\/ca\/wp-json\/wp\/v2\/product_brand?post=3363"},{"taxonomy":"product_cat","embeddable":true,"href":"https:\/\/www.felixgiralt.com\/ca\/wp-json\/wp\/v2\/product_cat?post=3363"},{"taxonomy":"product_tag","embeddable":true,"href":"https:\/\/www.felixgiralt.com\/ca\/wp-json\/wp\/v2\/product_tag?post=3363"}],"curies":[{"name":"wp","href":"https:\/\/api.w.org\/{rel}","templated":true}]}}