{"id":3361,"date":"2025-07-04T12:56:12","date_gmt":"2025-07-04T11:56:12","guid":{"rendered":"https:\/\/www.felixgiralt.com\/productos\/sense%20categoria\/cercol-recollidor-rodo\/"},"modified":"2025-07-09T11:36:29","modified_gmt":"2025-07-09T10:36:29","slug":"cercol-recollidor-rodo","status":"publish","type":"product","link":"https:\/\/www.felixgiralt.com\/ca\/productes\/cercles-recollidors\/cercol-recollidor-rodo\/","title":{"rendered":"C\u00c8RCOL RECOLLIDOR ROD\u00d3"},"content":{"rendered":"<p>C\u00e8rcol recollidor rod\u00f3, lleuger i resistent, amb nansa ergon\u00f2mica i goma el\u00e0stica per a la subjecci\u00f3 d\u2019una  bossa o sac de malla on dipositar els residus recollits.<\/p>\n<p>C\u00e8rcol pl\u00e0stic amb un pes de 300g, i un di\u00e0metre aproximat de 350mm.<\/p>\n<p>C\u00e8rcol professional per a utilitzar amb pinces recull objectes o punx\u00f3, per a la neteja vi\u00e0ria, la neteja de platges, el manteniment de zones verdes,la jardineria i la gesti\u00f3 de carreteres.<\/p>\n<p>L\u2019embalatge del producte \u00e9s de 20 unitats per caixa<\/p>\n","protected":false},"excerpt":{"rendered":"<p>C\u00e8rcol recollidor rod\u00f3, lleuger i resistent, amb nansa ergon\u00f2mica i goma el\u00e0stica per la subjecci\u00f3 de bosses i sacs de malla. Per a utilitzar amb una sola m\u00e0. Ideal per la neteja vi\u00e0ria, el manteniment de zones verdes, la jardineria i la gesti\u00f3 de carreteres.<\/p>\n","protected":false},"featured_media":797,"template":"","meta":{"_et_pb_use_builder":"","_et_pb_old_content":"","_et_gb_content_width":""},"product_brand":[],"product_cat":[59],"product_tag":[74,75,73],"class_list":{"0":"post-3361","1":"product","2":"type-product","3":"status-publish","4":"has-post-thumbnail","6":"product_cat-cercles-recollidors","7":"product_tag-industrial-i-llar","8":"product_tag-jardineria","9":"product_tag-viaria-i-zones-verdes","11":"first","12":"instock","13":"product-type-simple"},"_links":{"self":[{"href":"https:\/\/www.felixgiralt.com\/ca\/wp-json\/wp\/v2\/product\/3361","targetHints":{"allow":["GET"]}}],"collection":[{"href":"https:\/\/www.felixgiralt.com\/ca\/wp-json\/wp\/v2\/product"}],"about":[{"href":"https:\/\/www.felixgiralt.com\/ca\/wp-json\/wp\/v2\/types\/product"}],"wp:featuredmedia":[{"embeddable":true,"href":"https:\/\/www.felixgiralt.com\/ca\/wp-json\/wp\/v2\/media\/797"}],"wp:attachment":[{"href":"https:\/\/www.felixgiralt.com\/ca\/wp-json\/wp\/v2\/media?parent=3361"}],"wp:term":[{"taxonomy":"product_brand","embeddable":true,"href":"https:\/\/www.felixgiralt.com\/ca\/wp-json\/wp\/v2\/product_brand?post=3361"},{"taxonomy":"product_cat","embeddable":true,"href":"https:\/\/www.felixgiralt.com\/ca\/wp-json\/wp\/v2\/product_cat?post=3361"},{"taxonomy":"product_tag","embeddable":true,"href":"https:\/\/www.felixgiralt.com\/ca\/wp-json\/wp\/v2\/product_tag?post=3361"}],"curies":[{"name":"wp","href":"https:\/\/api.w.org\/{rel}","templated":true}]}}