{"id":3359,"date":"2025-07-04T12:56:12","date_gmt":"2025-07-04T11:56:12","guid":{"rendered":"https:\/\/www.felixgiralt.com\/productos\/sense%20categoria\/pinca-recull-objectes-iv\/"},"modified":"2025-09-26T13:20:42","modified_gmt":"2025-09-26T12:20:42","slug":"pinca-recull-objectes-iv","status":"publish","type":"product","link":"https:\/\/www.felixgiralt.com\/ca\/productes\/pinces-i-punxons\/pinca-recull-objectes-iv\/","title":{"rendered":"PIN\u00c7A RECULL OBJECTES IV"},"content":{"rendered":"<p>Pin\u00e7a recull objectes especials per recollir residus que requereixen condicions higi\u00e8niques especials (excrements, xeringues\u2026). Amb cap\u00e7al orientable amb boca serrada que permet col\u00b7locar una bossa de pl\u00e0stic d&#8217;un sol \u00fas per evitar el contacte del residu amb la pin\u00e7a. Lleugera i resistent, amb empunyadura ergon\u00f2mica.  <\/p>\n<p>Pin\u00e7a d\u00b4alumini i amb cablejat d\u00b4acer inoxidable trenat. Amb un pes aproximat de 260g i una longitud de 850mm.   <\/p>\n<p>Pin\u00e7a professional per a la neteja vi\u00e0ria, el manteniment de zones verdes, la jardineria i la gesti\u00f3 de carreteres.<\/p>\n","protected":false},"excerpt":{"rendered":"<p>Pin\u00e7a recull objectes IV, especial per recollir excrements, lleugera i resistent, per utilitzar amb una sola m\u00e0. Ideal per la neteja vi\u00e0ria, el manteniment de zones verdes, la jardineria i la gesti\u00f3 de carreteres.<\/p>\n","protected":false},"featured_media":929,"template":"","meta":{"_et_pb_use_builder":"","_et_pb_old_content":"","_et_gb_content_width":""},"product_brand":[],"product_cat":[144],"product_tag":[73,74,75],"class_list":{"0":"post-3359","1":"product","2":"type-product","3":"status-publish","4":"has-post-thumbnail","6":"product_cat-pinces-i-punxons","7":"product_tag-viaria-i-zones-verdes","8":"product_tag-industrial-i-llar","9":"product_tag-jardineria","11":"first","12":"instock","13":"product-type-simple"},"_links":{"self":[{"href":"https:\/\/www.felixgiralt.com\/ca\/wp-json\/wp\/v2\/product\/3359","targetHints":{"allow":["GET"]}}],"collection":[{"href":"https:\/\/www.felixgiralt.com\/ca\/wp-json\/wp\/v2\/product"}],"about":[{"href":"https:\/\/www.felixgiralt.com\/ca\/wp-json\/wp\/v2\/types\/product"}],"wp:featuredmedia":[{"embeddable":true,"href":"https:\/\/www.felixgiralt.com\/ca\/wp-json\/wp\/v2\/media\/929"}],"wp:attachment":[{"href":"https:\/\/www.felixgiralt.com\/ca\/wp-json\/wp\/v2\/media?parent=3359"}],"wp:term":[{"taxonomy":"product_brand","embeddable":true,"href":"https:\/\/www.felixgiralt.com\/ca\/wp-json\/wp\/v2\/product_brand?post=3359"},{"taxonomy":"product_cat","embeddable":true,"href":"https:\/\/www.felixgiralt.com\/ca\/wp-json\/wp\/v2\/product_cat?post=3359"},{"taxonomy":"product_tag","embeddable":true,"href":"https:\/\/www.felixgiralt.com\/ca\/wp-json\/wp\/v2\/product_tag?post=3359"}],"curies":[{"name":"wp","href":"https:\/\/api.w.org\/{rel}","templated":true}]}}