{"id":3358,"date":"2025-07-04T12:56:12","date_gmt":"2025-07-04T11:56:12","guid":{"rendered":"https:\/\/www.felixgiralt.com\/productos\/sense%20categoria\/pinca-recull-objectes-ii\/"},"modified":"2025-07-09T11:36:29","modified_gmt":"2025-07-09T10:36:29","slug":"pinca-recull-objectes-ii","status":"publish","type":"product","link":"https:\/\/www.felixgiralt.com\/ca\/productes\/pinces-i-punxons\/pinca-recull-objectes-ii\/","title":{"rendered":"PIN\u00c7A RECULL OBJECTES II"},"content":{"rendered":"<p>Pin\u00e7a recull objectes amb cap\u00e7al orientable, lleugera i resistent, amb empunyadura de gel ergon\u00f2mica, per utilitzar amb una sola m\u00e0.<br \/>\n<br \/>Pin\u00e7a d\u2019alumini i amb cablejat d\u2019acer inoxidable trenat.<\/p>\n<p>Amb un pes aproximat de 250g, i una longitud de 850mm. <\/p>\n<p>Pin\u00e7a professional per a la neteja vi\u00e0ria, el manteniment de zones verdes, la jardineria i la gesti\u00f3 de carreteres.<\/p>\n<p>L&#8217;embalatge del producte \u00e9s de 5 unitats per caixa.<\/p>\n","protected":false},"excerpt":{"rendered":"<p>Pin\u00e7a recull objectes II,  amb el cap\u00e7al orientable, leugera i resistent, amb empunyadura ergon\u00f2mica, per utilitzar amb una sola m\u00e0.Ideal per la neteja vi\u00e0ria, el manteniment de zones verdes, la jardineria i la gesti\u00f3 de carreteres.<\/p>\n","protected":false},"featured_media":1046,"template":"","meta":{"_et_pb_use_builder":"","_et_pb_old_content":"","_et_gb_content_width":""},"product_brand":[],"product_cat":[144],"product_tag":[74,75,73],"class_list":{"0":"post-3358","1":"product","2":"type-product","3":"status-publish","4":"has-post-thumbnail","6":"product_cat-pinces-i-punxons","7":"product_tag-industrial-i-llar","8":"product_tag-jardineria","9":"product_tag-viaria-i-zones-verdes","11":"first","12":"instock","13":"product-type-simple"},"_links":{"self":[{"href":"https:\/\/www.felixgiralt.com\/ca\/wp-json\/wp\/v2\/product\/3358","targetHints":{"allow":["GET"]}}],"collection":[{"href":"https:\/\/www.felixgiralt.com\/ca\/wp-json\/wp\/v2\/product"}],"about":[{"href":"https:\/\/www.felixgiralt.com\/ca\/wp-json\/wp\/v2\/types\/product"}],"wp:featuredmedia":[{"embeddable":true,"href":"https:\/\/www.felixgiralt.com\/ca\/wp-json\/wp\/v2\/media\/1046"}],"wp:attachment":[{"href":"https:\/\/www.felixgiralt.com\/ca\/wp-json\/wp\/v2\/media?parent=3358"}],"wp:term":[{"taxonomy":"product_brand","embeddable":true,"href":"https:\/\/www.felixgiralt.com\/ca\/wp-json\/wp\/v2\/product_brand?post=3358"},{"taxonomy":"product_cat","embeddable":true,"href":"https:\/\/www.felixgiralt.com\/ca\/wp-json\/wp\/v2\/product_cat?post=3358"},{"taxonomy":"product_tag","embeddable":true,"href":"https:\/\/www.felixgiralt.com\/ca\/wp-json\/wp\/v2\/product_tag?post=3358"}],"curies":[{"name":"wp","href":"https:\/\/api.w.org\/{rel}","templated":true}]}}