{"id":3355,"date":"2025-07-04T12:56:12","date_gmt":"2025-07-04T11:56:12","guid":{"rendered":"https:\/\/www.felixgiralt.com\/productos\/sense%20categoria\/recollidor-plastic-pro\/"},"modified":"2025-07-09T11:36:26","modified_gmt":"2025-07-09T10:36:26","slug":"recollidor-plastic-pro","status":"publish","type":"product","link":"https:\/\/www.felixgiralt.com\/ca\/productes\/recollidors\/recollidor-plastic-pro\/","title":{"rendered":"RECOLLIDOR PL\u00c0STIC PRO"},"content":{"rendered":"<p>Recollidor pl\u00e0stic lleuger i resistent, amb empunyadura pl\u00e0stica ergon\u00f2mica, per utilitzar amb una sola m\u00e0.<\/p>\n<p>Amb un pes aproximat de 540g, una al\u00e7ada de la pala aproximada de 145mm, un ample de recollida de 390mm, i una al\u00e7ada total del recollidor de 865mm.<\/p>\n<p>M\u00e0nec met\u00e0l\u00b7lic cromat amb di\u00e0metre de 15mm i empunyadura pl\u00e0stica ergon\u00f2mica.<\/p>\n<p>Recollidor ideal per la neteja vi\u00e0ria, el manteniment de zones verdes i la jardineria.<\/p>\n<p>L&#8217;embalatge del recollidor \u00e9s de 6 unitats per caixa.<\/p>\n","protected":false},"excerpt":{"rendered":"<p>Recollidor pl\u00e0stic lleuger i resistent, amb empunyadura pl\u00e0stica ergon\u00f2mica, per utilitzar amb una sola m\u00e0.<\/p>\n","protected":false},"featured_media":995,"template":"","meta":{"_et_pb_use_builder":"","_et_pb_old_content":"","_et_gb_content_width":""},"product_brand":[],"product_cat":[61],"product_tag":[73,74,75],"class_list":{"0":"post-3355","1":"product","2":"type-product","3":"status-publish","4":"has-post-thumbnail","6":"product_cat-recollidors","7":"product_tag-viaria-i-zones-verdes","8":"product_tag-industrial-i-llar","9":"product_tag-jardineria","11":"first","12":"instock","13":"product-type-simple"},"_links":{"self":[{"href":"https:\/\/www.felixgiralt.com\/ca\/wp-json\/wp\/v2\/product\/3355","targetHints":{"allow":["GET"]}}],"collection":[{"href":"https:\/\/www.felixgiralt.com\/ca\/wp-json\/wp\/v2\/product"}],"about":[{"href":"https:\/\/www.felixgiralt.com\/ca\/wp-json\/wp\/v2\/types\/product"}],"wp:featuredmedia":[{"embeddable":true,"href":"https:\/\/www.felixgiralt.com\/ca\/wp-json\/wp\/v2\/media\/995"}],"wp:attachment":[{"href":"https:\/\/www.felixgiralt.com\/ca\/wp-json\/wp\/v2\/media?parent=3355"}],"wp:term":[{"taxonomy":"product_brand","embeddable":true,"href":"https:\/\/www.felixgiralt.com\/ca\/wp-json\/wp\/v2\/product_brand?post=3355"},{"taxonomy":"product_cat","embeddable":true,"href":"https:\/\/www.felixgiralt.com\/ca\/wp-json\/wp\/v2\/product_cat?post=3355"},{"taxonomy":"product_tag","embeddable":true,"href":"https:\/\/www.felixgiralt.com\/ca\/wp-json\/wp\/v2\/product_tag?post=3355"}],"curies":[{"name":"wp","href":"https:\/\/api.w.org\/{rel}","templated":true}]}}