{"id":3353,"date":"2025-07-04T12:56:08","date_gmt":"2025-07-04T11:56:08","guid":{"rendered":"https:\/\/www.felixgiralt.com\/productos\/sense%20categoria\/recollidor-plastic\/"},"modified":"2025-07-09T11:36:26","modified_gmt":"2025-07-09T10:36:26","slug":"recollidor-plastic","status":"publish","type":"product","link":"https:\/\/www.felixgiralt.com\/ca\/productes\/recollidors\/recollidor-plastic\/","title":{"rendered":"RECOLLIDOR PL\u00c0STIC"},"content":{"rendered":"<p>Recollidor de pl\u00e0stic senzill i lleuger, amb m\u00e0nec i empunyadura pl\u00e0stica.<\/p>\n<p>Recollidor de pl\u00e0stic per utilitzar amb una m\u00e0, amb un pes aproximat de 186g, una al\u00e7ada de la pala aproximada de 100mm i una boca de 225mm d\u2019ample.<\/p>\n<p>El m\u00e0nec \u00e9s de pl\u00e0stic, amb una longitud de 79cm i di\u00e0metre de 20mm i una al\u00e7ada total del recollidor de 89 cm.<\/p>\n<p>L&#8217;embalatge del recollidor \u00e9s de 24 unitats per caixa.<\/p>\n","protected":false},"excerpt":{"rendered":"<p>Recollidor pl\u00e0stic lleuger i senzill, per utilitzar amb una m\u00e0.<\/p>\n","protected":false},"featured_media":875,"template":"","meta":{"_et_pb_use_builder":"","_et_pb_old_content":"","_et_gb_content_width":""},"product_brand":[],"product_cat":[61],"product_tag":[74,75,73],"class_list":{"0":"post-3353","1":"product","2":"type-product","3":"status-publish","4":"has-post-thumbnail","6":"product_cat-recollidors","7":"product_tag-industrial-i-llar","8":"product_tag-jardineria","9":"product_tag-viaria-i-zones-verdes","11":"first","12":"instock","13":"product-type-simple"},"_links":{"self":[{"href":"https:\/\/www.felixgiralt.com\/ca\/wp-json\/wp\/v2\/product\/3353","targetHints":{"allow":["GET"]}}],"collection":[{"href":"https:\/\/www.felixgiralt.com\/ca\/wp-json\/wp\/v2\/product"}],"about":[{"href":"https:\/\/www.felixgiralt.com\/ca\/wp-json\/wp\/v2\/types\/product"}],"wp:featuredmedia":[{"embeddable":true,"href":"https:\/\/www.felixgiralt.com\/ca\/wp-json\/wp\/v2\/media\/875"}],"wp:attachment":[{"href":"https:\/\/www.felixgiralt.com\/ca\/wp-json\/wp\/v2\/media?parent=3353"}],"wp:term":[{"taxonomy":"product_brand","embeddable":true,"href":"https:\/\/www.felixgiralt.com\/ca\/wp-json\/wp\/v2\/product_brand?post=3353"},{"taxonomy":"product_cat","embeddable":true,"href":"https:\/\/www.felixgiralt.com\/ca\/wp-json\/wp\/v2\/product_cat?post=3353"},{"taxonomy":"product_tag","embeddable":true,"href":"https:\/\/www.felixgiralt.com\/ca\/wp-json\/wp\/v2\/product_tag?post=3353"}],"curies":[{"name":"wp","href":"https:\/\/api.w.org\/{rel}","templated":true}]}}