{"id":3349,"date":"2025-07-04T12:56:08","date_gmt":"2025-07-04T11:56:08","guid":{"rendered":"https:\/\/www.felixgiralt.com\/productos\/sense%20categoria\/escombra-bambu\/"},"modified":"2025-07-09T11:36:25","modified_gmt":"2025-07-09T10:36:25","slug":"escombra-bambu","status":"publish","type":"product","link":"https:\/\/www.felixgiralt.com\/ca\/productes\/escombres\/serie-fibres-naturals-escombres\/escombra-bambu\/","title":{"rendered":"ESCOMBRA BAMB\u00da"},"content":{"rendered":"<p>Escombra rodona de grans dimensions per\u00f2 lleugera, amb m\u00e0nec i 15 ramificacions de bamb\u00fa.<\/p>\n<p>Escombra de branques de bamb\u00fa i m\u00e0nec de canya de la mateixa planta, amb un pes aproximat de 1200g, una longitud de fibra aproximada de 1000mm i un gran ample d\u2019escombrada.<br \/>Disposa d\u2019un refor\u00e7 de filferro per la subjecci\u00f3 de les ramificacions al m\u00e0nec<\/p>\n<p>\u00c9s una escombra molt adequada per la neteja vi\u00e0ria, manteniment de zones verdes i jardineria.<\/p>\n<p>L&#8217;embalatge de l&#8217;escombra \u00e9s de 10 unitats per paquet.<\/p>\n","protected":false},"excerpt":{"rendered":"<p>Escombra rodona de grans dimensions per\u00f2 lleugera, amb m\u00e0nec i 15 ramificacions de bamb\u00fa. Ideal per la neteja vi\u00e0ria i zones verdes.<\/p>\n","protected":false},"featured_media":785,"template":"","meta":{"_et_pb_use_builder":"","_et_pb_old_content":"","_et_gb_content_width":""},"product_brand":[],"product_cat":[45,50],"product_tag":[73,74,75],"class_list":{"0":"post-3349","1":"product","2":"type-product","3":"status-publish","4":"has-post-thumbnail","6":"product_cat-escombres","7":"product_cat-serie-fibres-naturals-escombres","8":"product_tag-viaria-i-zones-verdes","9":"product_tag-industrial-i-llar","10":"product_tag-jardineria","12":"first","13":"instock","14":"product-type-simple"},"_links":{"self":[{"href":"https:\/\/www.felixgiralt.com\/ca\/wp-json\/wp\/v2\/product\/3349","targetHints":{"allow":["GET"]}}],"collection":[{"href":"https:\/\/www.felixgiralt.com\/ca\/wp-json\/wp\/v2\/product"}],"about":[{"href":"https:\/\/www.felixgiralt.com\/ca\/wp-json\/wp\/v2\/types\/product"}],"wp:featuredmedia":[{"embeddable":true,"href":"https:\/\/www.felixgiralt.com\/ca\/wp-json\/wp\/v2\/media\/785"}],"wp:attachment":[{"href":"https:\/\/www.felixgiralt.com\/ca\/wp-json\/wp\/v2\/media?parent=3349"}],"wp:term":[{"taxonomy":"product_brand","embeddable":true,"href":"https:\/\/www.felixgiralt.com\/ca\/wp-json\/wp\/v2\/product_brand?post=3349"},{"taxonomy":"product_cat","embeddable":true,"href":"https:\/\/www.felixgiralt.com\/ca\/wp-json\/wp\/v2\/product_cat?post=3349"},{"taxonomy":"product_tag","embeddable":true,"href":"https:\/\/www.felixgiralt.com\/ca\/wp-json\/wp\/v2\/product_tag?post=3349"}],"curies":[{"name":"wp","href":"https:\/\/api.w.org\/{rel}","templated":true}]}}