{"id":3342,"date":"2025-07-04T12:56:06","date_gmt":"2025-07-04T11:56:06","guid":{"rendered":"https:\/\/www.felixgiralt.com\/productos\/sense%20categoria\/raspall-neteja-vehicles\/"},"modified":"2025-07-09T11:36:23","modified_gmt":"2025-07-09T10:36:23","slug":"raspall-neteja-vehicles","status":"publish","type":"product","link":"https:\/\/www.felixgiralt.com\/ca\/productes\/raspalls\/raspall-neteja-vehicles\/","title":{"rendered":"RASPALL NETEJA VEH\u00cdCLES"},"content":{"rendered":"<p>Raspall per a la neteja professional de vehicles, amb fibra de PVC, tac de polipropil\u00e8 i embocadura met\u00e0l\u00b7lica per a m\u00e0nec amb fluxe d&#8217;aigua.<\/p>\n<p>Raspall amb un pes aproximat de 480g, una longitud de sortida de fibra de 55mm i un ample d&#8217;escombrada de 360mm.<\/p>\n<p>Els m\u00e0necs recomanats s\u00f3n met\u00e0l\u00b7lics i amb fluxe d\u2019aigua.  El m\u00e0nec (ref-160005) de 0,90m de longitud, el m\u00e0nec (ref-160006) de 1,80m de longitud i el m\u00e0nec extensible (ref-160007) de fins a 2,80m de longitud.<\/p>\n","protected":false},"excerpt":{"rendered":"<p>Raspall per a la neteja professional de veh\u00edcles amb fibra de PVC.<\/p>\n","protected":false},"featured_media":536,"template":"","meta":{"_et_pb_use_builder":"","_et_pb_old_content":"","_et_gb_content_width":""},"product_brand":[],"product_cat":[51],"product_tag":[73,74],"class_list":{"0":"post-3342","1":"product","2":"type-product","3":"status-publish","4":"has-post-thumbnail","6":"product_cat-raspalls","7":"product_tag-viaria-i-zones-verdes","8":"product_tag-industrial-i-llar","10":"first","11":"instock","12":"product-type-simple"},"_links":{"self":[{"href":"https:\/\/www.felixgiralt.com\/ca\/wp-json\/wp\/v2\/product\/3342","targetHints":{"allow":["GET"]}}],"collection":[{"href":"https:\/\/www.felixgiralt.com\/ca\/wp-json\/wp\/v2\/product"}],"about":[{"href":"https:\/\/www.felixgiralt.com\/ca\/wp-json\/wp\/v2\/types\/product"}],"wp:featuredmedia":[{"embeddable":true,"href":"https:\/\/www.felixgiralt.com\/ca\/wp-json\/wp\/v2\/media\/536"}],"wp:attachment":[{"href":"https:\/\/www.felixgiralt.com\/ca\/wp-json\/wp\/v2\/media?parent=3342"}],"wp:term":[{"taxonomy":"product_brand","embeddable":true,"href":"https:\/\/www.felixgiralt.com\/ca\/wp-json\/wp\/v2\/product_brand?post=3342"},{"taxonomy":"product_cat","embeddable":true,"href":"https:\/\/www.felixgiralt.com\/ca\/wp-json\/wp\/v2\/product_cat?post=3342"},{"taxonomy":"product_tag","embeddable":true,"href":"https:\/\/www.felixgiralt.com\/ca\/wp-json\/wp\/v2\/product_tag?post=3342"}],"curies":[{"name":"wp","href":"https:\/\/api.w.org\/{rel}","templated":true}]}}