{"id":3340,"date":"2025-07-04T12:56:06","date_gmt":"2025-07-04T11:56:06","guid":{"rendered":"https:\/\/www.felixgiralt.com\/productos\/sense%20categoria\/grapa-metal%c2%b7lica-de-subjeccio\/"},"modified":"2025-07-09T11:36:23","modified_gmt":"2025-07-09T10:36:23","slug":"grapa-metal%c2%b7lica-de-subjeccio","status":"publish","type":"product","link":"https:\/\/www.felixgiralt.com\/ca\/productes\/raspalls\/grapa-metal%c2%b7lica-de-subjeccio\/","title":{"rendered":"GRAPA MET\u00c0L\u00b7LICA DE SUBJECCI\u00d3"},"content":{"rendered":"<p>Grapa met\u00e0l\u00b7lica galvanitzada per a unir el m\u00e0nec de fusta al raspall d&#8217;escombriaire ref.160001 o ref.160008<\/p>\n<p>Grapa amb un pes i dimensions aproximades de 213g i  130mm x 90mm.<br \/>Els m\u00e0necs recomanats s\u00f3n el de fusta de 28mm de di\u00e0metre amb les versions de 1,30m (ref-160002) i de 1,50 (ref-150020), de longitud.<\/p>\n","protected":false},"excerpt":{"rendered":"<p>Grapa met\u00e0l\u00b7lica galvanitzada de subjecci\u00f3 entre el raspall d&#8217;escombriaire i el m\u00e0nec de fusta.<\/p>\n","protected":false},"featured_media":596,"template":"","meta":{"_et_pb_use_builder":"","_et_pb_old_content":"","_et_gb_content_width":""},"product_brand":[],"product_cat":[51],"product_tag":[75,73,74],"class_list":{"0":"post-3340","1":"product","2":"type-product","3":"status-publish","4":"has-post-thumbnail","6":"product_cat-raspalls","7":"product_tag-jardineria","8":"product_tag-viaria-i-zones-verdes","9":"product_tag-industrial-i-llar","11":"first","12":"instock","13":"product-type-simple"},"_links":{"self":[{"href":"https:\/\/www.felixgiralt.com\/ca\/wp-json\/wp\/v2\/product\/3340","targetHints":{"allow":["GET"]}}],"collection":[{"href":"https:\/\/www.felixgiralt.com\/ca\/wp-json\/wp\/v2\/product"}],"about":[{"href":"https:\/\/www.felixgiralt.com\/ca\/wp-json\/wp\/v2\/types\/product"}],"wp:featuredmedia":[{"embeddable":true,"href":"https:\/\/www.felixgiralt.com\/ca\/wp-json\/wp\/v2\/media\/596"}],"wp:attachment":[{"href":"https:\/\/www.felixgiralt.com\/ca\/wp-json\/wp\/v2\/media?parent=3340"}],"wp:term":[{"taxonomy":"product_brand","embeddable":true,"href":"https:\/\/www.felixgiralt.com\/ca\/wp-json\/wp\/v2\/product_brand?post=3340"},{"taxonomy":"product_cat","embeddable":true,"href":"https:\/\/www.felixgiralt.com\/ca\/wp-json\/wp\/v2\/product_cat?post=3340"},{"taxonomy":"product_tag","embeddable":true,"href":"https:\/\/www.felixgiralt.com\/ca\/wp-json\/wp\/v2\/product_tag?post=3340"}],"curies":[{"name":"wp","href":"https:\/\/api.w.org\/{rel}","templated":true}]}}