{"id":3338,"date":"2025-07-04T12:56:06","date_gmt":"2025-07-04T11:56:06","guid":{"rendered":"https:\/\/www.felixgiralt.com\/productos\/sense%20categoria\/raspall-escombriaire-520-pet\/"},"modified":"2025-07-09T11:36:23","modified_gmt":"2025-07-09T10:36:23","slug":"raspall-escombriaire-520-pet","status":"publish","type":"product","link":"https:\/\/www.felixgiralt.com\/ca\/productes\/raspalls\/raspall-escombriaire-520-pet\/","title":{"rendered":"RASPALL ESCOMBRIAIRE 520 PET"},"content":{"rendered":"<p>Raspall de gran tamany amb fibra PET i tac de fusta.<\/p>\n<p>Raspall d\u2019escombrada frontal amb un pes aproximat de 990g, una longitud de sortida de fibra de 110mm i un ample d&#8217;escombrada de 590mm. \u00c9s un model ideal per a la neteja vi\u00e0ria i de zones verdes aix\u00ed com per a l\u2019arrossegament de l\u00edquids. <\/p>\n<p>L&#8217;embalatge dels recanvis \u00e9s de 16 unitats per caixa.<\/p>\n<p>Els m\u00e0necs recomanats s\u00f3n el de fusta de 28mm de di\u00e0metre amb les versions de 1,30m (ref-160002) i de 1,50 (ref-150020), de longitud.<br \/>Permeten  l\u2019acoblament d\u2019una nansa lateral ergon\u00f2mica (ref-080012) com a accessori opcional que afavoreix una posici\u00f3 m\u00e9s c\u00f2moda i ergon\u00f2mica de treball i facilita la transmissi\u00f3 de la for\u00e7a de l\u2019operari contra el terra amb un menor esfor\u00e7.<\/p>\n","protected":false},"excerpt":{"rendered":"<p>Raspall de gran tamany, amb fibra PET. Ideal per la neteja vi\u00e0ria, industrial i de grans superf\u00edcies exteriors.<\/p>\n","protected":false},"featured_media":782,"template":"","meta":{"_et_pb_use_builder":"","_et_pb_old_content":"","_et_gb_content_width":""},"product_brand":[],"product_cat":[51],"product_tag":[73,74,75],"class_list":{"0":"post-3338","1":"product","2":"type-product","3":"status-publish","4":"has-post-thumbnail","6":"product_cat-raspalls","7":"product_tag-viaria-i-zones-verdes","8":"product_tag-industrial-i-llar","9":"product_tag-jardineria","11":"first","12":"instock","13":"product-type-simple"},"_links":{"self":[{"href":"https:\/\/www.felixgiralt.com\/ca\/wp-json\/wp\/v2\/product\/3338","targetHints":{"allow":["GET"]}}],"collection":[{"href":"https:\/\/www.felixgiralt.com\/ca\/wp-json\/wp\/v2\/product"}],"about":[{"href":"https:\/\/www.felixgiralt.com\/ca\/wp-json\/wp\/v2\/types\/product"}],"wp:featuredmedia":[{"embeddable":true,"href":"https:\/\/www.felixgiralt.com\/ca\/wp-json\/wp\/v2\/media\/782"}],"wp:attachment":[{"href":"https:\/\/www.felixgiralt.com\/ca\/wp-json\/wp\/v2\/media?parent=3338"}],"wp:term":[{"taxonomy":"product_brand","embeddable":true,"href":"https:\/\/www.felixgiralt.com\/ca\/wp-json\/wp\/v2\/product_brand?post=3338"},{"taxonomy":"product_cat","embeddable":true,"href":"https:\/\/www.felixgiralt.com\/ca\/wp-json\/wp\/v2\/product_cat?post=3338"},{"taxonomy":"product_tag","embeddable":true,"href":"https:\/\/www.felixgiralt.com\/ca\/wp-json\/wp\/v2\/product_tag?post=3338"}],"curies":[{"name":"wp","href":"https:\/\/api.w.org\/{rel}","templated":true}]}}