{"id":3337,"date":"2025-07-04T12:56:06","date_gmt":"2025-07-04T11:56:06","guid":{"rendered":"https:\/\/www.felixgiralt.com\/productos\/sense%20categoria\/rasclet-polipropile-groc\/"},"modified":"2025-07-09T11:36:21","modified_gmt":"2025-07-09T10:36:21","slug":"rasclet-polipropile-groc","status":"publish","type":"product","link":"https:\/\/www.felixgiralt.com\/ca\/productes\/rasclets\/rasclet-polipropile-groc\/","title":{"rendered":"RASCLET POLIPROPIL\u00c8 GROC"},"content":{"rendered":"<p>Rasclet de polipropil\u00e8, lleuger i flexible. <\/p>\n<p>Amb un pes aproximat de 150g, una longitud del recanvi de 200mm i un ample d&#8217;escombrada de 380mm, \u00e9s un model ideal  pel manteniment de zones verdes i altres usos de jardineria.<\/p>\n<p>L&#8217;embalatge dels recanvis \u00e9s de 30 unitats per caixa.<\/p>\n<p>El m\u00e0nec recomanat \u00e9s de fusta (ref-150013), de longitud 1,50m i di\u00e0metre 24mm.<\/p>\n","protected":false},"excerpt":{"rendered":"<p>Rasclet de polipropil\u00e8 groc, lleuger i flexible. Ideal pel manteniment de zones verdes i jardineria.<\/p>\n","protected":false},"featured_media":608,"template":"","meta":{"_et_pb_use_builder":"","_et_pb_old_content":"","_et_gb_content_width":""},"product_brand":[],"product_cat":[69],"product_tag":[73,74,75],"class_list":{"0":"post-3337","1":"product","2":"type-product","3":"status-publish","4":"has-post-thumbnail","6":"product_cat-rasclets","7":"product_tag-viaria-i-zones-verdes","8":"product_tag-industrial-i-llar","9":"product_tag-jardineria","11":"first","12":"instock","13":"product-type-simple"},"_links":{"self":[{"href":"https:\/\/www.felixgiralt.com\/ca\/wp-json\/wp\/v2\/product\/3337","targetHints":{"allow":["GET"]}}],"collection":[{"href":"https:\/\/www.felixgiralt.com\/ca\/wp-json\/wp\/v2\/product"}],"about":[{"href":"https:\/\/www.felixgiralt.com\/ca\/wp-json\/wp\/v2\/types\/product"}],"wp:featuredmedia":[{"embeddable":true,"href":"https:\/\/www.felixgiralt.com\/ca\/wp-json\/wp\/v2\/media\/608"}],"wp:attachment":[{"href":"https:\/\/www.felixgiralt.com\/ca\/wp-json\/wp\/v2\/media?parent=3337"}],"wp:term":[{"taxonomy":"product_brand","embeddable":true,"href":"https:\/\/www.felixgiralt.com\/ca\/wp-json\/wp\/v2\/product_brand?post=3337"},{"taxonomy":"product_cat","embeddable":true,"href":"https:\/\/www.felixgiralt.com\/ca\/wp-json\/wp\/v2\/product_cat?post=3337"},{"taxonomy":"product_tag","embeddable":true,"href":"https:\/\/www.felixgiralt.com\/ca\/wp-json\/wp\/v2\/product_tag?post=3337"}],"curies":[{"name":"wp","href":"https:\/\/api.w.org\/{rel}","templated":true}]}}