{"id":3336,"date":"2025-07-04T12:56:03","date_gmt":"2025-07-04T11:56:03","guid":{"rendered":"https:\/\/www.felixgiralt.com\/productos\/sense%20categoria\/rasclet-metal%c2%b7lic-regulable\/"},"modified":"2025-07-09T11:36:21","modified_gmt":"2025-07-09T10:36:21","slug":"rasclet-metal%c2%b7lic-regulable","status":"publish","type":"product","link":"https:\/\/www.felixgiralt.com\/ca\/productes\/rasclets\/rasclet-metal%c2%b7lic-regulable\/","title":{"rendered":"RASCLET MET\u00c0L\u00b7LIC REGULABLE"},"content":{"rendered":"<p>Rasclet met\u00e0l\u00b7lic regulable amb imprimaci\u00f3. <\/p>\n<p>Amb un pes aproximat de 540g, una longitud del recanvi de 425mm i un ample d&#8217;escombrada variable d\u2019entre 390mm i 450mm, \u00e9s un model ideal  per la retirada de fulles, manteniment de zones verdes i altres usos de jardineria..<\/p>\n<p>El m\u00e0nec recomanat \u00e9s de fusta amb punta c\u00f2nica (ref-150011), de longitud 1,35m i di\u00e0metre 25mm.<\/p>\n","protected":false},"excerpt":{"rendered":"<p>Rasclet met\u00e0l\u00b7lic regulable amb emprimaci\u00f3. Ideal per a la recollida de fulles, manteniment de zones verdes i altres usos de jardineria.<\/p>\n","protected":false},"featured_media":488,"template":"","meta":{"_et_pb_use_builder":"","_et_pb_old_content":"","_et_gb_content_width":""},"product_brand":[],"product_cat":[69],"product_tag":[73,74,75],"class_list":{"0":"post-3336","1":"product","2":"type-product","3":"status-publish","4":"has-post-thumbnail","6":"product_cat-rasclets","7":"product_tag-viaria-i-zones-verdes","8":"product_tag-industrial-i-llar","9":"product_tag-jardineria","11":"first","12":"instock","13":"product-type-simple"},"_links":{"self":[{"href":"https:\/\/www.felixgiralt.com\/ca\/wp-json\/wp\/v2\/product\/3336","targetHints":{"allow":["GET"]}}],"collection":[{"href":"https:\/\/www.felixgiralt.com\/ca\/wp-json\/wp\/v2\/product"}],"about":[{"href":"https:\/\/www.felixgiralt.com\/ca\/wp-json\/wp\/v2\/types\/product"}],"wp:featuredmedia":[{"embeddable":true,"href":"https:\/\/www.felixgiralt.com\/ca\/wp-json\/wp\/v2\/media\/488"}],"wp:attachment":[{"href":"https:\/\/www.felixgiralt.com\/ca\/wp-json\/wp\/v2\/media?parent=3336"}],"wp:term":[{"taxonomy":"product_brand","embeddable":true,"href":"https:\/\/www.felixgiralt.com\/ca\/wp-json\/wp\/v2\/product_brand?post=3336"},{"taxonomy":"product_cat","embeddable":true,"href":"https:\/\/www.felixgiralt.com\/ca\/wp-json\/wp\/v2\/product_cat?post=3336"},{"taxonomy":"product_tag","embeddable":true,"href":"https:\/\/www.felixgiralt.com\/ca\/wp-json\/wp\/v2\/product_tag?post=3336"}],"curies":[{"name":"wp","href":"https:\/\/api.w.org\/{rel}","templated":true}]}}