{"id":3335,"date":"2025-07-04T12:56:03","date_gmt":"2025-07-04T11:56:03","guid":{"rendered":"https:\/\/www.felixgiralt.com\/productos\/sense%20categoria\/rasclet-de-polipropile\/"},"modified":"2025-07-09T11:36:21","modified_gmt":"2025-07-09T10:36:21","slug":"rasclet-de-polipropile","status":"publish","type":"product","link":"https:\/\/www.felixgiralt.com\/ca\/productes\/rasclets\/rasclet-de-polipropile\/","title":{"rendered":"RASCLET DE POLIPROPIL\u00c8"},"content":{"rendered":"<p>Rasclet lleuger de polipropil\u00e8.. <\/p>\n<p>Amb un pes aproximat de 305g, una longitud del recanvi de 450mm i un ample d&#8217;escombrada de 430mm, \u00e9s un bon model pel manteniment de zones verdes i altres usos de jardineria.<\/p>\n<p>L&#8217;embalatge dels recanvis \u00e9s de 25 unitats per caixa.<\/p>\n<p>Compatible amb tots els nostres m\u00e0necs de di\u00e0metre 22mm amb rosca, de fusta, alumini o met\u00e0l\u00b7lics folrats de longitud des de 80cm fins a 1,5m. El m\u00e0nec recomanat \u00e9s de fusta amb rosca(ref-150004), de longitud 1,35m i di\u00e0metre 22mm.<\/p>\n","protected":false},"excerpt":{"rendered":"<p>Rasclet lleuger de polipropil\u00e8. Ideal pel manteniment de zones verdes i jardineria.<\/p>\n","protected":false},"featured_media":466,"template":"","meta":{"_et_pb_use_builder":"","_et_pb_old_content":"","_et_gb_content_width":""},"product_brand":[],"product_cat":[69],"product_tag":[73,74,75],"class_list":{"0":"post-3335","1":"product","2":"type-product","3":"status-publish","4":"has-post-thumbnail","6":"product_cat-rasclets","7":"product_tag-viaria-i-zones-verdes","8":"product_tag-industrial-i-llar","9":"product_tag-jardineria","11":"first","12":"instock","13":"product-type-simple"},"_links":{"self":[{"href":"https:\/\/www.felixgiralt.com\/ca\/wp-json\/wp\/v2\/product\/3335","targetHints":{"allow":["GET"]}}],"collection":[{"href":"https:\/\/www.felixgiralt.com\/ca\/wp-json\/wp\/v2\/product"}],"about":[{"href":"https:\/\/www.felixgiralt.com\/ca\/wp-json\/wp\/v2\/types\/product"}],"wp:featuredmedia":[{"embeddable":true,"href":"https:\/\/www.felixgiralt.com\/ca\/wp-json\/wp\/v2\/media\/466"}],"wp:attachment":[{"href":"https:\/\/www.felixgiralt.com\/ca\/wp-json\/wp\/v2\/media?parent=3335"}],"wp:term":[{"taxonomy":"product_brand","embeddable":true,"href":"https:\/\/www.felixgiralt.com\/ca\/wp-json\/wp\/v2\/product_brand?post=3335"},{"taxonomy":"product_cat","embeddable":true,"href":"https:\/\/www.felixgiralt.com\/ca\/wp-json\/wp\/v2\/product_cat?post=3335"},{"taxonomy":"product_tag","embeddable":true,"href":"https:\/\/www.felixgiralt.com\/ca\/wp-json\/wp\/v2\/product_tag?post=3335"}],"curies":[{"name":"wp","href":"https:\/\/api.w.org\/{rel}","templated":true}]}}