{"id":3328,"date":"2025-07-04T12:56:03","date_gmt":"2025-07-04T11:56:03","guid":{"rendered":"https:\/\/www.felixgiralt.com\/productos\/sense%20categoria\/escombra-bru-plast-r\/"},"modified":"2025-07-09T11:36:20","modified_gmt":"2025-07-09T10:36:20","slug":"escombra-bru-plast-r","status":"publish","type":"product","link":"https:\/\/www.felixgiralt.com\/ca\/productes\/escombres\/serie-bru-plast\/escombra-bru-plast-r\/","title":{"rendered":"ESCOMBRA BRU-PLAST R"},"content":{"rendered":"<p>Escombra rodona, amb fibra de polipropil\u00e8 reciclat, gruixuda, ondulada i de secci\u00f3 d\u2019estrella. Caputx\u00f3 de polietil\u00e8.<\/p>\n<p>Amb un pes aproximat de 720g, una longitud de sortida de fibra de 410mm, \u00e9s un model molt resistent i de gran durabilitat, ideal per a la neteja vi\u00e0ria.<\/p>\n<p>L&#8217;embalatge dels recanvis \u00e9s de 12 unitats per caixa.<\/p>\n<p>Els m\u00e0necs recomanats s\u00f3n el d&#8217;alumini anoditzat ref-150018 i el de fusta ref-150021, en ambd\u00f3s casos de longitud 1,50m i di\u00e0metre 25mm.<\/p>\n","protected":false},"excerpt":{"rendered":"<p>Escombra rodona, amb fibra de polipropil\u00e8 reciclat, gruixuda i ondulada. Ideal per la neteja vi\u00e0ria.<\/p>\n","protected":false},"featured_media":818,"template":"","meta":{"_et_pb_use_builder":"","_et_pb_old_content":"","_et_gb_content_width":""},"product_brand":[],"product_cat":[45,48],"product_tag":[73,74],"class_list":{"0":"post-3328","1":"product","2":"type-product","3":"status-publish","4":"has-post-thumbnail","6":"product_cat-escombres","7":"product_cat-serie-bru-plast","8":"product_tag-viaria-i-zones-verdes","9":"product_tag-industrial-i-llar","11":"first","12":"instock","13":"product-type-simple"},"_links":{"self":[{"href":"https:\/\/www.felixgiralt.com\/ca\/wp-json\/wp\/v2\/product\/3328","targetHints":{"allow":["GET"]}}],"collection":[{"href":"https:\/\/www.felixgiralt.com\/ca\/wp-json\/wp\/v2\/product"}],"about":[{"href":"https:\/\/www.felixgiralt.com\/ca\/wp-json\/wp\/v2\/types\/product"}],"wp:featuredmedia":[{"embeddable":true,"href":"https:\/\/www.felixgiralt.com\/ca\/wp-json\/wp\/v2\/media\/818"}],"wp:attachment":[{"href":"https:\/\/www.felixgiralt.com\/ca\/wp-json\/wp\/v2\/media?parent=3328"}],"wp:term":[{"taxonomy":"product_brand","embeddable":true,"href":"https:\/\/www.felixgiralt.com\/ca\/wp-json\/wp\/v2\/product_brand?post=3328"},{"taxonomy":"product_cat","embeddable":true,"href":"https:\/\/www.felixgiralt.com\/ca\/wp-json\/wp\/v2\/product_cat?post=3328"},{"taxonomy":"product_tag","embeddable":true,"href":"https:\/\/www.felixgiralt.com\/ca\/wp-json\/wp\/v2\/product_tag?post=3328"}],"curies":[{"name":"wp","href":"https:\/\/api.w.org\/{rel}","templated":true}]}}