{"id":3319,"date":"2025-07-04T12:56:00","date_gmt":"2025-07-04T11:56:00","guid":{"rendered":"https:\/\/www.felixgiralt.com\/productos\/sense%20categoria\/escombra-mill-plast\/"},"modified":"2025-07-09T11:36:17","modified_gmt":"2025-07-09T10:36:17","slug":"escombra-mill-plast","status":"publish","type":"product","link":"https:\/\/www.felixgiralt.com\/ca\/productes\/escombres\/serie-mill-plast\/escombra-mill-plast\/","title":{"rendered":"ESCOMBRA MILL-PLAST"},"content":{"rendered":"<p>Escombra plana cosida amb fibra de secci\u00f3 d\u2019estrella ondulada i despuntada, de polipropil\u00e8 reciclat i tac de polietil\u00e8. <\/p>\n<p>Amb un pes aproximat de 270g, una longitud de sortida de fibra de 170mm i un ample d&#8217;escombrada de 330mm, \u00e9s un model ideal per a la neteja industrial, d\u2019exteriors i jardineria.<\/p>\n<p>L&#8217;embalatge dels recanvis \u00e9s de 20 unitats per caixa.<\/p>\n<p>Compatible amb tots els nostres m\u00e0necs amb rosca, de fusta, alumini o met\u00e0l\u00b7lics folrats de longitud des de 80cm fins a 1,5m. Els m\u00e0necs recomanats s\u00f3n el met\u00e0l\u00b7lic folrat amb rosca (ref-150001, de longitud d&#8217;1,15m i di\u00e0metre de 22mm.) i el m\u00e0nec de fusta amb rosca (ref-150002, de longitud 1,15m i di\u00e0metre 22mm.)<\/p>\n","protected":false},"excerpt":{"rendered":"<p>Escombra plana cosida amb fibra despuntada de polipropil\u00e8 reciclat. Ideal per a la neteja industrial, la neteja d&#8217;exteriors i jardineria.<\/p>\n","protected":false},"featured_media":414,"template":"","meta":{"_et_pb_use_builder":"","_et_pb_old_content":"","_et_gb_content_width":""},"product_brand":[],"product_cat":[45,47],"product_tag":[73,74,75],"class_list":{"0":"post-3319","1":"product","2":"type-product","3":"status-publish","4":"has-post-thumbnail","6":"product_cat-escombres","7":"product_cat-serie-mill-plast","8":"product_tag-viaria-i-zones-verdes","9":"product_tag-industrial-i-llar","10":"product_tag-jardineria","12":"first","13":"instock","14":"product-type-simple"},"_links":{"self":[{"href":"https:\/\/www.felixgiralt.com\/ca\/wp-json\/wp\/v2\/product\/3319","targetHints":{"allow":["GET"]}}],"collection":[{"href":"https:\/\/www.felixgiralt.com\/ca\/wp-json\/wp\/v2\/product"}],"about":[{"href":"https:\/\/www.felixgiralt.com\/ca\/wp-json\/wp\/v2\/types\/product"}],"wp:featuredmedia":[{"embeddable":true,"href":"https:\/\/www.felixgiralt.com\/ca\/wp-json\/wp\/v2\/media\/414"}],"wp:attachment":[{"href":"https:\/\/www.felixgiralt.com\/ca\/wp-json\/wp\/v2\/media?parent=3319"}],"wp:term":[{"taxonomy":"product_brand","embeddable":true,"href":"https:\/\/www.felixgiralt.com\/ca\/wp-json\/wp\/v2\/product_brand?post=3319"},{"taxonomy":"product_cat","embeddable":true,"href":"https:\/\/www.felixgiralt.com\/ca\/wp-json\/wp\/v2\/product_cat?post=3319"},{"taxonomy":"product_tag","embeddable":true,"href":"https:\/\/www.felixgiralt.com\/ca\/wp-json\/wp\/v2\/product_tag?post=3319"}],"curies":[{"name":"wp","href":"https:\/\/api.w.org\/{rel}","templated":true}]}}