{"id":3318,"date":"2025-07-04T12:56:00","date_gmt":"2025-07-04T11:56:00","guid":{"rendered":"https:\/\/www.felixgiralt.com\/productos\/sense%20categoria\/escombreta-em-300v\/"},"modified":"2025-07-09T11:36:17","modified_gmt":"2025-07-09T10:36:17","slug":"escombreta-em-300v","status":"publish","type":"product","link":"https:\/\/www.felixgiralt.com\/ca\/productes\/escombretes\/serie-em-escombretes\/escombreta-em-300v\/","title":{"rendered":"ESCOMBRETA EM-300V"},"content":{"rendered":"<p>Escombreta plana amb fibra de PVC i tac de polietil\u00e8. <\/p>\n<p>Amb un pes aproximat de 240g, una longitud de sortida de fibra de 135mm i un ample d&#8217;escombrada de 270mm, \u00e9s un model ideal per a la neteja vi\u00e0ria, industrial i jardineria.<\/p>\n<p>L&#8217;embalatge dels recanvis \u00e9s de 20 unitats per caixa.<\/p>\n<p>Compatible amb tots els nostres m\u00e0necs amb rosca, de fusta, alumini o met\u00e0l\u00b7lics folrats de longitud des de 80cm fins a 1,5m. Es recomana utilitzar-la amb m\u00e0necs curts per agafar-la amb una sola m\u00e0. Els m\u00e0necs recomanats s\u00f3n el d&#8217;alumini anoditzat (ref-150012, de longitud de 0,90m i di\u00e0metre de 22mm.) i el de fusta (ref-150009, de longitud 0,80m i di\u00e0metre 22mm.)<\/p>\n","protected":false},"excerpt":{"rendered":"<p>Escombreta plana per utilitzar amb una ma, amb fibra de PVC. Ideal per la neteja vi\u00e0ria.<\/p>\n","protected":false},"featured_media":396,"template":"","meta":{"_et_pb_use_builder":"","_et_pb_old_content":"","_et_gb_content_width":""},"product_brand":[],"product_cat":[141,52],"product_tag":[73,74,75],"class_list":{"0":"post-3318","1":"product","2":"type-product","3":"status-publish","4":"has-post-thumbnail","6":"product_cat-serie-em-escombretes","7":"product_cat-escombretes","8":"product_tag-viaria-i-zones-verdes","9":"product_tag-industrial-i-llar","10":"product_tag-jardineria","12":"first","13":"instock","14":"product-type-simple"},"_links":{"self":[{"href":"https:\/\/www.felixgiralt.com\/ca\/wp-json\/wp\/v2\/product\/3318","targetHints":{"allow":["GET"]}}],"collection":[{"href":"https:\/\/www.felixgiralt.com\/ca\/wp-json\/wp\/v2\/product"}],"about":[{"href":"https:\/\/www.felixgiralt.com\/ca\/wp-json\/wp\/v2\/types\/product"}],"wp:featuredmedia":[{"embeddable":true,"href":"https:\/\/www.felixgiralt.com\/ca\/wp-json\/wp\/v2\/media\/396"}],"wp:attachment":[{"href":"https:\/\/www.felixgiralt.com\/ca\/wp-json\/wp\/v2\/media?parent=3318"}],"wp:term":[{"taxonomy":"product_brand","embeddable":true,"href":"https:\/\/www.felixgiralt.com\/ca\/wp-json\/wp\/v2\/product_brand?post=3318"},{"taxonomy":"product_cat","embeddable":true,"href":"https:\/\/www.felixgiralt.com\/ca\/wp-json\/wp\/v2\/product_cat?post=3318"},{"taxonomy":"product_tag","embeddable":true,"href":"https:\/\/www.felixgiralt.com\/ca\/wp-json\/wp\/v2\/product_tag?post=3318"}],"curies":[{"name":"wp","href":"https:\/\/api.w.org\/{rel}","templated":true}]}}