{"id":3314,"date":"2025-07-04T12:55:56","date_gmt":"2025-07-04T11:55:56","guid":{"rendered":"https:\/\/www.felixgiralt.com\/productos\/sense%20categoria\/escombra-em-380\/"},"modified":"2025-07-09T11:36:16","modified_gmt":"2025-07-09T10:36:16","slug":"escombra-em-380","status":"publish","type":"product","link":"https:\/\/www.felixgiralt.com\/ca\/productes\/escombres\/serie-em\/escombra-em-380\/","title":{"rendered":"ESCOMBRA EM-380"},"content":{"rendered":"<p>Escombra plana, amb fibra de secci\u00f3 d\u2019estrella de polipropil\u00e8 verge despuntada i tac de polietil\u00e8.<\/p>\n<p>Amb un pes aproximat de 245g, una longitud de sortida de fibra de 170mm i un ample d&#8217;escombrada de 300mm, \u00e9s un model ideal per a la neteja d\u2019exteriors dom\u00e8stica, industrial i jardineria.<\/p>\n<p>L&#8217;embalatge dels recanvis \u00e9s de 30 unitats per caixa.<\/p>\n<p>Compatible amb tots els nostres m\u00e0necs amb rosca, de fusta, alumini o met\u00e0l\u00b7lics folrats de longitud des de 80cm fins a 1,5m. Els m\u00e0necs recomanats s\u00f3n el met\u00e0l\u00b7lic folrat (ref-150001, de longitud d&#8217;1,15m i di\u00e0metre de 22mm.) i el m\u00e0nec de fusta (ref-150002, de longitud 1,15m i di\u00e0metre 22mm.)<\/p>\n","protected":false},"excerpt":{"rendered":"<p>Escombra plana, amb fibra de secci\u00f3 d&#8217;estrella de polipropil\u00e8 verge despuntada. Ideal per a la neteja industrial i jardineria.<\/p>\n","protected":false},"featured_media":451,"template":"","meta":{"_et_pb_use_builder":"","_et_pb_old_content":"","_et_gb_content_width":""},"product_brand":[],"product_cat":[46,45],"product_tag":[74,75],"class_list":{"0":"post-3314","1":"product","2":"type-product","3":"status-publish","4":"has-post-thumbnail","6":"product_cat-serie-em","7":"product_cat-escombres","8":"product_tag-industrial-i-llar","9":"product_tag-jardineria","11":"first","12":"instock","13":"product-type-simple"},"_links":{"self":[{"href":"https:\/\/www.felixgiralt.com\/ca\/wp-json\/wp\/v2\/product\/3314","targetHints":{"allow":["GET"]}}],"collection":[{"href":"https:\/\/www.felixgiralt.com\/ca\/wp-json\/wp\/v2\/product"}],"about":[{"href":"https:\/\/www.felixgiralt.com\/ca\/wp-json\/wp\/v2\/types\/product"}],"wp:featuredmedia":[{"embeddable":true,"href":"https:\/\/www.felixgiralt.com\/ca\/wp-json\/wp\/v2\/media\/451"}],"wp:attachment":[{"href":"https:\/\/www.felixgiralt.com\/ca\/wp-json\/wp\/v2\/media?parent=3314"}],"wp:term":[{"taxonomy":"product_brand","embeddable":true,"href":"https:\/\/www.felixgiralt.com\/ca\/wp-json\/wp\/v2\/product_brand?post=3314"},{"taxonomy":"product_cat","embeddable":true,"href":"https:\/\/www.felixgiralt.com\/ca\/wp-json\/wp\/v2\/product_cat?post=3314"},{"taxonomy":"product_tag","embeddable":true,"href":"https:\/\/www.felixgiralt.com\/ca\/wp-json\/wp\/v2\/product_tag?post=3314"}],"curies":[{"name":"wp","href":"https:\/\/api.w.org\/{rel}","templated":true}]}}