{"id":3308,"date":"2025-07-04T12:55:56","date_gmt":"2025-07-04T11:55:56","guid":{"rendered":"https:\/\/www.felixgiralt.com\/productos\/sense%20categoria\/escombra-em-500\/"},"modified":"2025-07-09T11:36:15","modified_gmt":"2025-07-09T10:36:15","slug":"escombra-em-500","status":"publish","type":"product","link":"https:\/\/www.felixgiralt.com\/ca\/productes\/escombres\/serie-em\/escombra-em-500\/","title":{"rendered":"ESCOMBRA EM-500"},"content":{"rendered":"<p>Escombra plana de gran grand\u00e0ria i duresa amb fibra ovalada de polipropil\u00e8 verge i tac de polietil\u00e8 expandit.<\/p>\n<p>Amb un pes aproximat de 540g, una longitud de sortida de fibra de 230mm i un ample d&#8217;escombrada de 380mm, \u00e9s un model ideal per a la neteja vi\u00e0ria i de superf\u00edcies exteriors extenses.<\/p>\n<p>L&#8217;embalatge dels recanvis \u00e9s de 20 unitats per caixa.<\/p>\n<p>Compatible amb tots els nostres m\u00e0necs amb rosca, de fusta, alumini o met\u00e0l\u00b7lics folrats de longitud des de 80cm fins a 1,5m. Els m\u00e0necs recomanats s\u00f3n el d&#8217;alumini anoditzat (ref-150014, de longitud d&#8217;1,50m i di\u00e0metre de 22mm.) i el m\u00e0nec de fusta (ref-150010, de longitud 1,35m i di\u00e0metre 24mm.)<\/p>\n","protected":false},"excerpt":{"rendered":"<p>Escombra plana de gran tamany y duresa, amb fibra ovalada de polipropil\u00e8 verge. Ideal per la neteja vi\u00e0ria i de grans superf\u00edcies exteriors.<\/p>\n","protected":false},"featured_media":390,"template":"","meta":{"_et_pb_use_builder":"","_et_pb_old_content":"","_et_gb_content_width":""},"product_brand":[],"product_cat":[46,45],"product_tag":[73,74,75],"class_list":{"0":"post-3308","1":"product","2":"type-product","3":"status-publish","4":"has-post-thumbnail","6":"product_cat-serie-em","7":"product_cat-escombres","8":"product_tag-viaria-i-zones-verdes","9":"product_tag-industrial-i-llar","10":"product_tag-jardineria","12":"first","13":"instock","14":"product-type-simple"},"_links":{"self":[{"href":"https:\/\/www.felixgiralt.com\/ca\/wp-json\/wp\/v2\/product\/3308","targetHints":{"allow":["GET"]}}],"collection":[{"href":"https:\/\/www.felixgiralt.com\/ca\/wp-json\/wp\/v2\/product"}],"about":[{"href":"https:\/\/www.felixgiralt.com\/ca\/wp-json\/wp\/v2\/types\/product"}],"wp:featuredmedia":[{"embeddable":true,"href":"https:\/\/www.felixgiralt.com\/ca\/wp-json\/wp\/v2\/media\/390"}],"wp:attachment":[{"href":"https:\/\/www.felixgiralt.com\/ca\/wp-json\/wp\/v2\/media?parent=3308"}],"wp:term":[{"taxonomy":"product_brand","embeddable":true,"href":"https:\/\/www.felixgiralt.com\/ca\/wp-json\/wp\/v2\/product_brand?post=3308"},{"taxonomy":"product_cat","embeddable":true,"href":"https:\/\/www.felixgiralt.com\/ca\/wp-json\/wp\/v2\/product_cat?post=3308"},{"taxonomy":"product_tag","embeddable":true,"href":"https:\/\/www.felixgiralt.com\/ca\/wp-json\/wp\/v2\/product_tag?post=3308"}],"curies":[{"name":"wp","href":"https:\/\/api.w.org\/{rel}","templated":true}]}}