{"id":3049,"date":"2024-07-16T12:47:55","date_gmt":"2024-07-16T11:47:55","guid":{"rendered":"https:\/\/www.felixgiralt.com\/inici\/"},"modified":"2025-09-27T17:33:20","modified_gmt":"2025-09-27T16:33:20","slug":"inici","status":"publish","type":"page","link":"https:\/\/www.felixgiralt.com\/ca\/","title":{"rendered":"Inici"},"content":{"rendered":"<p>[et_pb_section fb_built=&#8221;1&#8243; module_class=&#8221;header-inici&#8221; _builder_version=&#8221;4.27.4&#8243; _module_preset=&#8221;default&#8221; use_background_color_gradient=&#8221;on&#8221; background_color_gradient_stops=&#8221;rgba(255,255,255,0) 0%|rgba(0,0,0,0.5) 100%&#8221; background_color_gradient_overlays_image=&#8221;on&#8221; background_image=&#8221;https:\/\/www.felixgiralt.com\/wp-content\/uploads\/2025\/03\/placeholder1920x1280.svg&#8221; background_video_mp4=&#8221;https:\/\/www.felixgiralt.com\/wp-content\/uploads\/2025\/05\/Video-giralt-home-comp.mp4&#8243; background_video_webm=&#8221;https:\/\/www.felixgiralt.com\/wp-content\/uploads\/2025\/05\/Video-giralt-home-comp.webm&#8221; custom_padding=&#8221;20vh||20vh||true|false&#8221; global_colors_info=&#8221;{}&#8221;][et_pb_row _builder_version=&#8221;4.27.0&#8243; _module_preset=&#8221;default&#8221; global_colors_info=&#8221;{}&#8221;][et_pb_column type=&#8221;4_4&#8243; _builder_version=&#8221;4.27.0&#8243; _module_preset=&#8221;default&#8221; global_colors_info=&#8221;{}&#8221;][et_pb_text _builder_version=&#8221;4.27.0&#8243; _module_preset=&#8221;default&#8221; background_layout=&#8221;dark&#8221; max_width=&#8221;900px&#8221; global_colors_info=&#8221;{}&#8221;]<\/p>\n<h1>Materials de neteja vi\u00e0ria, industrial i de la llar<\/h1>\n<p>[\/et_pb_text][\/et_pb_column][\/et_pb_row][\/et_pb_section][et_pb_section fb_built=&#8221;1&#8243; _builder_version=&#8221;4.27.0&#8243; _module_preset=&#8221;default&#8221; background_color=&#8221;RGBA(255,255,255,0)&#8221; custom_padding=&#8221;0px||||false|false&#8221; global_colors_info=&#8221;{}&#8221;][et_pb_row use_custom_gutter=&#8221;on&#8221; module_class=&#8221;row-sectors-inici&#8221; _builder_version=&#8221;4.27.0&#8243; _module_preset=&#8221;default&#8221; custom_margin=&#8221;-15vh||||false|false&#8221; custom_padding=&#8221;0px||||false|false&#8221; global_colors_info=&#8221;{}&#8221;][et_pb_column type=&#8221;4_4&#8243; _builder_version=&#8221;4.27.0&#8243; _module_preset=&#8221;default&#8221; global_colors_info=&#8221;{}&#8221;][et_pb_cta title=&#8221;Neteja vi\u00e0ria&#8221; button_url=&#8221;https:\/\/www.felixgiralt.com\/ca\/sectors\/viaria-i-zones-verdes\/&#8221; button_text=&#8221;M\u00e9s informaci\u00f3&#8221; _builder_version=&#8221;4.27.4&#8243; _module_preset=&#8221;30cc45ee-8cc8-45ef-ba0e-244b7d83fbaf&#8221; custom_margin=&#8221;||15px||false|false&#8221; hover_enabled=&#8221;0&#8243; global_colors_info=&#8221;{}&#8221; sticky_enabled=&#8221;0&#8243;]<\/p>\n<p>Fabricaci\u00f3 pr\u00f2pia d&#8217;escombreries i accessoris, i una \u00e0mplia gamma de productes complementaris. Donem resposta r\u00e0pida i efica\u00e7 a les necessitats del sector amb una vocaci\u00f3 de servei clara.<\/p>\n<p>[\/et_pb_cta][et_pb_cta title=&#8221;Neteja industrial i dom\u00e8stica&#8221; button_url=&#8221;https:\/\/www.felixgiralt.com\/ca\/sectors\/industrial-i-llar\/&#8221; button_text=&#8221;M\u00e9s informaci\u00f3&#8221; _builder_version=&#8221;4.27.4&#8243; _module_preset=&#8221;default&#8221; background_color=&#8221;#EAEEF5&#8243; background_enable_color=&#8221;on&#8221; custom_margin=&#8221;||15px||false|false&#8221; custom_padding=&#8221;30px|30px|30px|30px|true|true&#8221; border_radii=&#8221;on|3px|3px|3px|3px&#8221; global_colors_info=&#8221;{}&#8221;]<\/p>\n<p>Dissenyem i fabriquem escombres i complements tant per a \u00fas industrial com per a l&#8217;\u00e0mbit dom\u00e8stic. Combinen tradici\u00f3 i tecnologia per garantir efici\u00e8ncia i durabilitat.<\/p>\n<p>[\/et_pb_cta][et_pb_cta title=&#8221;Jardineria&#8221; button_url=&#8221;https:\/\/www.felixgiralt.com\/ca\/sectors\/jardineria\/&#8221; button_text=&#8221;M\u00e9s informaci\u00f3&#8221; _builder_version=&#8221;4.27.4&#8243; _module_preset=&#8221;default&#8221; background_color=&#8221;#EAEEF5&#8243; background_enable_color=&#8221;on&#8221; custom_margin=&#8221;||15px||false|false&#8221; custom_padding=&#8221;30px|30px|30px|30px|true|true&#8221; border_radii=&#8221;on|3px|3px|3px|3px&#8221; global_colors_info=&#8221;{}&#8221;]<\/p>\n<p>Desenvolupem eines pr\u00f2pies i distribu\u00efm productes especialitzats per mantenir espais verds. Busquen solucions pr\u00e0ctiques i de qualitat per a la cura del paisatge i el jard\u00ed.<\/p>\n<p>[\/et_pb_cta][\/et_pb_column][\/et_pb_row][\/et_pb_section][et_pb_section fb_built=&#8221;1&#8243; _builder_version=&#8221;4.27.0&#8243; _module_preset=&#8221;default&#8221; global_colors_info=&#8221;{}&#8221;][et_pb_row column_structure=&#8221;3_5,2_5&#8243; make_equal=&#8221;on&#8221; _builder_version=&#8221;4.27.0&#8243; _module_preset=&#8221;default&#8221; custom_css_main_element=&#8221;align-items:center;&#8221; global_colors_info=&#8221;{}&#8221;][et_pb_column type=&#8221;3_5&#8243; _builder_version=&#8221;4.27.0&#8243; _module_preset=&#8221;default&#8221; global_colors_info=&#8221;{}&#8221;][et_pb_cta title=&#8221;M\u00e9s de 125 anys innovant per un entorn m\u00e9s net&#8221; button_url=&#8221;https:\/\/www.felixgiralt.com\/ca\/empresa\/&#8221; button_text=&#8221;M\u00e9s informaci\u00f3&#8221; _builder_version=&#8221;4.27.4&#8243; _module_preset=&#8221;default&#8221; global_colors_info=&#8221;{}&#8221;]<\/p>\n<h3>Sobre Giralt<\/h3>\n<p>A Giralt Urbana Industrial som productors i distribu\u00efdors de ferramentes per a la neteja d&#8217;exteriors, especialitzats en el manteniment urb\u00e0, la neteja vi\u00e0ria i la jardineria. Amb una traject\u00f2ria centen\u00e0ria i un fort esperit familiar, avui col\u00b7laborem amb ajuntaments i empreses de tot l&#8217;Estat per mantenir ciutats i entorns nets i cuidats.[\/et_pb_cta][\/et_pb_column][et_pb_column type=&#8221;2_5&#8243; _builder_version=&#8221;4.27.0&#8243; _module_preset=&#8221;default&#8221; global_colors_info=&#8221;{}&#8221;][et_pb_image src=&#8221;https:\/\/www.felixgiralt.com\/wp-content\/uploads\/2025\/04\/Inici-Sobre-Giralt.jpg&#8221; alt=&#8221;Inicio-Sobre-Giralt capazo&#8221; title_text=&#8221;Inicio-Sobre-Giralt capazo&#8221; _builder_version=&#8221;4.27.4&#8243; _module_preset=&#8221;default&#8221; global_colors_info=&#8221;{}&#8221;][\/et_pb_image][\/et_pb_column][\/et_pb_row][\/et_pb_section][et_pb_section fb_built=&#8221;1&#8243; _builder_version=&#8221;4.27.0&#8243; _module_preset=&#8221;default&#8221; global_colors_info=&#8221;{}&#8221;][et_pb_row _builder_version=&#8221;4.27.0&#8243; _module_preset=&#8221;default&#8221; custom_padding=&#8221;||0px|||&#8221; global_colors_info=&#8221;{}&#8221;][et_pb_column type=&#8221;4_4&#8243; _builder_version=&#8221;4.27.0&#8243; _module_preset=&#8221;default&#8221; global_colors_info=&#8221;{}&#8221;][et_pb_text _builder_version=&#8221;4.27.4&#8243; _module_preset=&#8221;default&#8221; text_orientation=&#8221;center&#8221; global_colors_info=&#8221;{}&#8221;]<\/p>\n<h2>Confien en nosaltres<\/h2>\n<p>[\/et_pb_text][\/et_pb_column][\/et_pb_row][et_pb_row _builder_version=&#8221;4.27.4&#8243; _module_preset=&#8221;default&#8221; width=&#8221;100%&#8221; max_width=&#8221;100%&#8221; custom_padding=&#8221;0px|||||&#8221; global_colors_info=&#8221;{}&#8221;][et_pb_column type=&#8221;4_4&#8243; _builder_version=&#8221;4.27.0&#8243; _module_preset=&#8221;default&#8221; global_colors_info=&#8221;{}&#8221;][et_pb_text _builder_version=&#8221;4.27.4&#8243; _module_preset=&#8221;default&#8221; text_orientation=&#8221;center&#8221; global_colors_info=&#8221;{}&#8221;]<\/p>\n\t\n\t\t<div id=\"gs_logo_area_1\" data-sort=\"name\" data-shortcode-id=\"1\" class=\"gs_logo_area gs_logo_area_1 slider1 \" data-options='{\"logo_per_page\":\"6\"}' style=\"opacity: 0; visibility: hidden;\">\n\t\t\t<div class=\"gs_logo_area--inner\">\n\n\t\t\t\t<!-- Category Filters - New (Global) -->\n\t\t\t\t\t\n\t\t\t\t\n<div class=\"gs_logo_container gs_carousel_swiper gs_logo_fix_height_and_center\" data-carousel-config='{\"direction\":\"horizontal\",\"speed\":500,\"isAutoplay\":true,\"autoplayDelay\":2000,\"loop\":true,\"pauseOnHover\":true,\"ticker\":false,\"navs\":false,\"navs_pos\":\"bottom\",\"dots\":false,\"dynamic_dots\":true,\"slideSpace\":10,\"slidesPerGroup\":1,\"desktopLogos\":8,\"tabletLogos\":4,\"mobileLogos\":2,\"reverseDirection\":false}'>\n\n\t\n\t\t\n\t\t\t<div class=\"gs_logo_single--wrapper\">\n\t\t\t\t<div class=\"gs_logo_single\">\n\n\t\t\t\t\t<!-- Logo Img -->\n\t\t\t\t\t<img decoding=\"async\" width=\"600\" height=\"250\" src=\"https:\/\/www.felixgiralt.com\/wp-content\/uploads\/2025\/05\/11.jpg\" class=\"tt-placement-top tt-bgcolor-one-%23ff5f6d tt-bgcolor-two-%23ffc371 tt-textcolor-%23fff gs-logo--img wp-post-image\" alt=\"\" title=\"Servitransfer\" srcset=\"https:\/\/www.felixgiralt.com\/wp-content\/uploads\/2025\/05\/11.jpg 600w, https:\/\/www.felixgiralt.com\/wp-content\/uploads\/2025\/05\/11-480x200.jpg 480w\" sizes=\"(min-width: 0px) and (max-width: 480px) 480px, (min-width: 481px) 600px, 100vw\">\n\t\t\t\t\t<!-- Logo Title -->\n\t\t\t\t\t\t\t\t\t\t\n\t\t\t\t\t<!-- Logo Category -->\n\t\t\t\t\t\t\t\t\t\t\n\t\t\t\t<\/div>\n\t\t\t<\/div>\n\n\t\t\n\t\t\t<div class=\"gs_logo_single--wrapper\">\n\t\t\t\t<div class=\"gs_logo_single\">\n\n\t\t\t\t\t<!-- Logo Img -->\n\t\t\t\t\t<img decoding=\"async\" width=\"600\" height=\"250\" src=\"https:\/\/www.felixgiralt.com\/wp-content\/uploads\/2025\/05\/13.jpg\" class=\"tt-placement-top tt-bgcolor-one-%23ff5f6d tt-bgcolor-two-%23ffc371 tt-textcolor-%23fff gs-logo--img wp-post-image\" alt=\"\" title=\"Herbusa\" srcset=\"https:\/\/www.felixgiralt.com\/wp-content\/uploads\/2025\/05\/13.jpg 600w, https:\/\/www.felixgiralt.com\/wp-content\/uploads\/2025\/05\/13-480x200.jpg 480w\" sizes=\"(min-width: 0px) and (max-width: 480px) 480px, (min-width: 481px) 600px, 100vw\">\n\t\t\t\t\t<!-- Logo Title -->\n\t\t\t\t\t\t\t\t\t\t\n\t\t\t\t\t<!-- Logo Category -->\n\t\t\t\t\t\t\t\t\t\t\n\t\t\t\t<\/div>\n\t\t\t<\/div>\n\n\t\t\n\t\t\t<div class=\"gs_logo_single--wrapper\">\n\t\t\t\t<div class=\"gs_logo_single\">\n\n\t\t\t\t\t<!-- Logo Img -->\n\t\t\t\t\t<img decoding=\"async\" width=\"600\" height=\"250\" src=\"https:\/\/www.felixgiralt.com\/wp-content\/uploads\/2025\/05\/12.jpg\" class=\"tt-placement-top tt-bgcolor-one-%23ff5f6d tt-bgcolor-two-%23ffc371 tt-textcolor-%23fff gs-logo--img wp-post-image\" alt=\"\" title=\"Romero Polo\" srcset=\"https:\/\/www.felixgiralt.com\/wp-content\/uploads\/2025\/05\/12.jpg 600w, https:\/\/www.felixgiralt.com\/wp-content\/uploads\/2025\/05\/12-480x200.jpg 480w\" sizes=\"(min-width: 0px) and (max-width: 480px) 480px, (min-width: 481px) 600px, 100vw\">\n\t\t\t\t\t<!-- Logo Title -->\n\t\t\t\t\t\t\t\t\t\t\n\t\t\t\t\t<!-- Logo Category -->\n\t\t\t\t\t\t\t\t\t\t\n\t\t\t\t<\/div>\n\t\t\t<\/div>\n\n\t\t\n\t\t\t<div class=\"gs_logo_single--wrapper\">\n\t\t\t\t<div class=\"gs_logo_single\">\n\n\t\t\t\t\t<!-- Logo Img -->\n\t\t\t\t\t<img decoding=\"async\" width=\"600\" height=\"250\" src=\"https:\/\/www.felixgiralt.com\/wp-content\/uploads\/2025\/05\/15.jpg\" class=\"tt-placement-top tt-bgcolor-one-%23ff5f6d tt-bgcolor-two-%23ffc371 tt-textcolor-%23fff gs-logo--img wp-post-image\" alt=\"\" title=\"Sorigu\u00e9\" srcset=\"https:\/\/www.felixgiralt.com\/wp-content\/uploads\/2025\/05\/15.jpg 600w, https:\/\/www.felixgiralt.com\/wp-content\/uploads\/2025\/05\/15-480x200.jpg 480w\" sizes=\"(min-width: 0px) and (max-width: 480px) 480px, (min-width: 481px) 600px, 100vw\">\n\t\t\t\t\t<!-- Logo Title -->\n\t\t\t\t\t\t\t\t\t\t\n\t\t\t\t\t<!-- Logo Category -->\n\t\t\t\t\t\t\t\t\t\t\n\t\t\t\t<\/div>\n\t\t\t<\/div>\n\n\t\t\n\t\t\t<div class=\"gs_logo_single--wrapper\">\n\t\t\t\t<div class=\"gs_logo_single\">\n\n\t\t\t\t\t<!-- Logo Img -->\n\t\t\t\t\t<img decoding=\"async\" width=\"600\" height=\"250\" src=\"https:\/\/www.felixgiralt.com\/wp-content\/uploads\/2025\/05\/14.jpg\" class=\"tt-placement-top tt-bgcolor-one-%23ff5f6d tt-bgcolor-two-%23ffc371 tt-textcolor-%23fff gs-logo--img wp-post-image\" alt=\"\" title=\"Prezero\" srcset=\"https:\/\/www.felixgiralt.com\/wp-content\/uploads\/2025\/05\/14.jpg 600w, https:\/\/www.felixgiralt.com\/wp-content\/uploads\/2025\/05\/14-480x200.jpg 480w\" sizes=\"(min-width: 0px) and (max-width: 480px) 480px, (min-width: 481px) 600px, 100vw\">\n\t\t\t\t\t<!-- Logo Title -->\n\t\t\t\t\t\t\t\t\t\t\n\t\t\t\t\t<!-- Logo Category -->\n\t\t\t\t\t\t\t\t\t\t\n\t\t\t\t<\/div>\n\t\t\t<\/div>\n\n\t\t\n\t\t\t<div class=\"gs_logo_single--wrapper\">\n\t\t\t\t<div class=\"gs_logo_single\">\n\n\t\t\t\t\t<!-- Logo Img -->\n\t\t\t\t\t<img decoding=\"async\" width=\"600\" height=\"250\" src=\"https:\/\/www.felixgiralt.com\/wp-content\/uploads\/2025\/03\/2.jpg\" class=\"tt-placement-top tt-bgcolor-one-%23ff5f6d tt-bgcolor-two-%23ffc371 tt-textcolor-%23fff gs-logo--img wp-post-image\" alt=\"\" title=\"Acciona\" srcset=\"https:\/\/www.felixgiralt.com\/wp-content\/uploads\/2025\/03\/2.jpg 600w, https:\/\/www.felixgiralt.com\/wp-content\/uploads\/2025\/03\/2-480x200.jpg 480w\" sizes=\"(min-width: 0px) and (max-width: 480px) 480px, (min-width: 481px) 600px, 100vw\">\n\t\t\t\t\t<!-- Logo Title -->\n\t\t\t\t\t\t\t\t\t\t\n\t\t\t\t\t<!-- Logo Category -->\n\t\t\t\t\t\t\t\t\t\t\n\t\t\t\t<\/div>\n\t\t\t<\/div>\n\n\t\t\n\t\t\t<div class=\"gs_logo_single--wrapper\">\n\t\t\t\t<div class=\"gs_logo_single\">\n\n\t\t\t\t\t<!-- Logo Img -->\n\t\t\t\t\t<img decoding=\"async\" width=\"600\" height=\"250\" src=\"https:\/\/www.felixgiralt.com\/wp-content\/uploads\/2025\/03\/4.jpg\" class=\"tt-placement-top tt-bgcolor-one-%23ff5f6d tt-bgcolor-two-%23ffc371 tt-textcolor-%23fff gs-logo--img wp-post-image\" alt=\"\" title=\"Urbaser\" srcset=\"https:\/\/www.felixgiralt.com\/wp-content\/uploads\/2025\/03\/4.jpg 600w, https:\/\/www.felixgiralt.com\/wp-content\/uploads\/2025\/03\/4-480x200.jpg 480w\" sizes=\"(min-width: 0px) and (max-width: 480px) 480px, (min-width: 481px) 600px, 100vw\">\n\t\t\t\t\t<!-- Logo Title -->\n\t\t\t\t\t\t\t\t\t\t\n\t\t\t\t\t<!-- Logo Category -->\n\t\t\t\t\t\t\t\t\t\t\n\t\t\t\t<\/div>\n\t\t\t<\/div>\n\n\t\t\n\t\t\t<div class=\"gs_logo_single--wrapper\">\n\t\t\t\t<div class=\"gs_logo_single\">\n\n\t\t\t\t\t<!-- Logo Img -->\n\t\t\t\t\t<img decoding=\"async\" width=\"600\" height=\"250\" src=\"https:\/\/www.felixgiralt.com\/wp-content\/uploads\/2025\/03\/5.jpg\" class=\"tt-placement-top tt-bgcolor-one-%23ff5f6d tt-bgcolor-two-%23ffc371 tt-textcolor-%23fff gs-logo--img wp-post-image\" alt=\"\" title=\"FCC\" srcset=\"https:\/\/www.felixgiralt.com\/wp-content\/uploads\/2025\/03\/5.jpg 600w, https:\/\/www.felixgiralt.com\/wp-content\/uploads\/2025\/03\/5-480x200.jpg 480w\" sizes=\"(min-width: 0px) and (max-width: 480px) 480px, (min-width: 481px) 600px, 100vw\">\n\t\t\t\t\t<!-- Logo Title -->\n\t\t\t\t\t\t\t\t\t\t\n\t\t\t\t\t<!-- Logo Category -->\n\t\t\t\t\t\t\t\t\t\t\n\t\t\t\t<\/div>\n\t\t\t<\/div>\n\n\t\t\n\t\t\t<div class=\"gs_logo_single--wrapper\">\n\t\t\t\t<div class=\"gs_logo_single\">\n\n\t\t\t\t\t<!-- Logo Img -->\n\t\t\t\t\t<img decoding=\"async\" width=\"600\" height=\"250\" src=\"https:\/\/www.felixgiralt.com\/wp-content\/uploads\/2025\/03\/7.jpg\" class=\"tt-placement-top tt-bgcolor-one-%23ff5f6d tt-bgcolor-two-%23ffc371 tt-textcolor-%23fff gs-logo--img wp-post-image\" alt=\"\" title=\"CLD\" srcset=\"https:\/\/www.felixgiralt.com\/wp-content\/uploads\/2025\/03\/7.jpg 600w, https:\/\/www.felixgiralt.com\/wp-content\/uploads\/2025\/03\/7-480x200.jpg 480w\" sizes=\"(min-width: 0px) and (max-width: 480px) 480px, (min-width: 481px) 600px, 100vw\">\n\t\t\t\t\t<!-- Logo Title -->\n\t\t\t\t\t\t\t\t\t\t\n\t\t\t\t\t<!-- Logo Category -->\n\t\t\t\t\t\t\t\t\t\t\n\t\t\t\t<\/div>\n\t\t\t<\/div>\n\n\t\t\n\t\t\t<div class=\"gs_logo_single--wrapper\">\n\t\t\t\t<div class=\"gs_logo_single\">\n\n\t\t\t\t\t<!-- Logo Img -->\n\t\t\t\t\t<img decoding=\"async\" width=\"600\" height=\"250\" src=\"https:\/\/www.felixgiralt.com\/wp-content\/uploads\/2025\/03\/8.jpg\" class=\"tt-placement-top tt-bgcolor-one-%23ff5f6d tt-bgcolor-two-%23ffc371 tt-textcolor-%23fff gs-logo--img wp-post-image\" alt=\"\" title=\"GBI Grup\" srcset=\"https:\/\/www.felixgiralt.com\/wp-content\/uploads\/2025\/03\/8.jpg 600w, https:\/\/www.felixgiralt.com\/wp-content\/uploads\/2025\/03\/8-480x200.jpg 480w\" sizes=\"(min-width: 0px) and (max-width: 480px) 480px, (min-width: 481px) 600px, 100vw\">\n\t\t\t\t\t<!-- Logo Title -->\n\t\t\t\t\t\t\t\t\t\t\n\t\t\t\t\t<!-- Logo Category -->\n\t\t\t\t\t\t\t\t\t\t\n\t\t\t\t<\/div>\n\t\t\t<\/div>\n\n\t\t\n\t\t\t<div class=\"gs_logo_single--wrapper\">\n\t\t\t\t<div class=\"gs_logo_single\">\n\n\t\t\t\t\t<!-- Logo Img -->\n\t\t\t\t\t<img decoding=\"async\" width=\"600\" height=\"250\" src=\"https:\/\/www.felixgiralt.com\/wp-content\/uploads\/2025\/03\/9.jpg\" class=\"tt-placement-top tt-bgcolor-one-%23ff5f6d tt-bgcolor-two-%23ffc371 tt-textcolor-%23fff gs-logo--img wp-post-image\" alt=\"\" title=\"Valoriza\" srcset=\"https:\/\/www.felixgiralt.com\/wp-content\/uploads\/2025\/03\/9.jpg 600w, https:\/\/www.felixgiralt.com\/wp-content\/uploads\/2025\/03\/9-480x200.jpg 480w\" sizes=\"(min-width: 0px) and (max-width: 480px) 480px, (min-width: 481px) 600px, 100vw\">\n\t\t\t\t\t<!-- Logo Title -->\n\t\t\t\t\t\t\t\t\t\t\n\t\t\t\t\t<!-- Logo Category -->\n\t\t\t\t\t\t\t\t\t\t\n\t\t\t\t<\/div>\n\t\t\t<\/div>\n\n\t\t\t\t\n\t\n<\/div>\n\t\t\t\t<!-- Pagination -->\n\t\t\t\t\n\t\t\t<\/div>\n\t\t<\/div>\n\t\n\t\t<style>#gs_logo_area_1:not(.verticaltickerdown):not(.verticalticker) .gs_logo_container{margin-left:-5px}#gs_logo_area_1:not(.verticaltickerdown):not(.verticalticker) .gs_logo_container{margin-right:-5px}#gs_logo_area_1:not(.verticaltickerdown):not(.verticalticker) .gs_logo_single--wrapper{padding:5px}#gs_logo_area_1 ul.gs-logo-filter-cats{text-align:center!important}#gs_logo_area_1 .gs_logo_single--wrapper{width:12.5%}@media (max-width:1023px){#gs_logo_area_1 .gs_logo_single--wrapper{width:25%}}@media (max-width:767px){#gs_logo_area_1 .gs_logo_single--wrapper{width:50%}}<\/style>\n<p>[\/et_pb_text][\/et_pb_column][\/et_pb_row][\/et_pb_section][et_pb_section fb_built=&#8221;1&#8243; _builder_version=&#8221;4.27.0&#8243; _module_preset=&#8221;default&#8221; background_color=&#8221;#EAEEF5&#8243; global_colors_info=&#8221;{}&#8221;][et_pb_row _builder_version=&#8221;4.27.0&#8243; _module_preset=&#8221;default&#8221; global_colors_info=&#8221;{}&#8221;][et_pb_column type=&#8221;4_4&#8243; _builder_version=&#8221;4.27.0&#8243; _module_preset=&#8221;default&#8221; global_colors_info=&#8221;{}&#8221;][et_pb_cta title=&#8221;Compromesos amb la sostenibilitat&#8221; button_url=&#8221;https:\/\/www.felixgiralt.com\/ca\/empresa\/#compromesos-sostenibilitat&#8221; button_text=&#8221;M\u00e9s informaci\u00f3&#8221; _builder_version=&#8221;4.27.4&#8243; _module_preset=&#8221;default&#8221; text_orientation=&#8221;center&#8221; max_width=&#8221;900px&#8221; module_alignment=&#8221;center&#8221; global_colors_info=&#8221;{}&#8221;]<\/p>\n<p style=\"text-align: center;\">Creiem en la innovaci\u00f3 responsable. Reutilitzem els nostres propis residus pl\u00e0stics, fabriquem amb materials reciclats i generem energia renovable amb la nostra instal\u00b7laci\u00f3 fotovoltaica. Minimitzem l\u201fimpacte ambiental i impulsem un model d\u201feconomia circular.<\/p>\n<p style=\"text-align: center;\">El nostre objectiu \u00e9s oferir productes eficients, resistents i sostenibles que contribueixin a construir un entorn m\u00e9s net, verd i saludable. Som un model d&#8217;economia circular.<\/p>\n<p>[\/et_pb_cta][\/et_pb_column][\/et_pb_row][\/et_pb_section][et_pb_section fb_built=&#8221;1&#8243; _builder_version=&#8221;4.27.4&#8243; _module_preset=&#8221;2b5479a2-1aaf-409f-bf12-2bd711833faf&#8221; global_colors_info=&#8221;{}&#8221;][\/et_pb_section][et_pb_section fb_built=&#8221;1&#8243; _builder_version=&#8221;4.27.0&#8243; _module_preset=&#8221;default&#8221; global_colors_info=&#8221;{}&#8221;][et_pb_row _builder_version=&#8221;4.27.0&#8243; _module_preset=&#8221;default&#8221; global_colors_info=&#8221;{}&#8221;][et_pb_column type=&#8221;4_4&#8243; _builder_version=&#8221;4.27.0&#8243; _module_preset=&#8221;default&#8221; global_colors_info=&#8221;{}&#8221;][et_pb_text _builder_version=&#8221;4.27.4&#8243; _module_preset=&#8221;default&#8221; text_orientation=&#8221;center&#8221; global_colors_info=&#8221;{}&#8221;]<\/p>\n<h2>Productes destacats<\/h2>\n<p>[\/et_pb_text][et_pb_shop posts_number=&#8221;6&#8243; columns_number=&#8221;6&#8243; _builder_version=&#8221;4.27.4&#8243; _module_preset=&#8221;default&#8221; global_colors_info=&#8221;{}&#8221;][\/et_pb_shop][et_pb_button button_url=&#8221;@ET-DC@eyJkeW5hbWljIjp0cnVlLCJjb250ZW50IjoicG9zdF9saW5rX3VybF9wYWdlIiwic2V0dGluZ3MiOnsicG9zdF9pZCI6IjI0IiwiZW5hYmxlX2h0bWwiOiJvZmYifX0=@&#8221; button_text=&#8221;Tots els productes&#8221; button_alignment=&#8221;center&#8221; _builder_version=&#8221;4.27.4&#8243; _dynamic_attributes=&#8221;button_url&#8221; _module_preset=&#8221;default&#8221; global_colors_info=&#8221;{}&#8221;][\/et_pb_button][\/et_pb_column][\/et_pb_row][\/et_pb_section]<\/p>\n","protected":false},"excerpt":{"rendered":"<p>[et_pb_section fb_built=&#8221;1&#8243; module_class=&#8221;header-inici&#8221; _builder_version=&#8221;4.27.4&#8243; _module_preset=&#8221;default&#8221; use_background_color_gradient=&#8221;on&#8221; background_color_gradient_stops=&#8221;rgba(255,255,255,0) 0%|rgba(0,0,0,0.5) 100%&#8221; background_color_gradient_overlays_image=&#8221;on&#8221; background_image=&#8221;https:\/\/www.felixgiralt.com\/wp-content\/uploads\/2025\/03\/placeholder1920x1280.svg&#8221; background_video_mp4=&#8221;https:\/\/www.felixgiralt.com\/wp-content\/uploads\/2025\/05\/Video-giralt-home-comp.mp4&#8243; background_video_webm=&#8221;https:\/\/www.felixgiralt.com\/wp-content\/uploads\/2025\/05\/Video-giralt-home-comp.webm&#8221; custom_padding=&#8221;20vh||20vh||true|false&#8221; global_colors_info=&#8221;{}&#8221;][et_pb_row _builder_version=&#8221;4.27.0&#8243; _module_preset=&#8221;default&#8221; global_colors_info=&#8221;{}&#8221;][et_pb_column type=&#8221;4_4&#8243; _builder_version=&#8221;4.27.0&#8243; _module_preset=&#8221;default&#8221; global_colors_info=&#8221;{}&#8221;][et_pb_text _builder_version=&#8221;4.27.0&#8243; _module_preset=&#8221;default&#8221; background_layout=&#8221;dark&#8221; max_width=&#8221;900px&#8221; global_colors_info=&#8221;{}&#8221;] Materials de neteja vi\u00e0ria, industrial i de la llar [\/et_pb_text][\/et_pb_column][\/et_pb_row][\/et_pb_section][et_pb_section fb_built=&#8221;1&#8243; _builder_version=&#8221;4.27.0&#8243; _module_preset=&#8221;default&#8221; background_color=&#8221;RGBA(255,255,255,0)&#8221; custom_padding=&#8221;0px||||false|false&#8221; global_colors_info=&#8221;{}&#8221;][et_pb_row use_custom_gutter=&#8221;on&#8221; module_class=&#8221;row-sectors-inici&#8221; _builder_version=&#8221;4.27.0&#8243; _module_preset=&#8221;default&#8221; custom_margin=&#8221;-15vh||||false|false&#8221; custom_padding=&#8221;0px||||false|false&#8221; global_colors_info=&#8221;{}&#8221;][et_pb_column type=&#8221;4_4&#8243; _builder_version=&#8221;4.27.0&#8243; _module_preset=&#8221;default&#8221; global_colors_info=&#8221;{}&#8221;][et_pb_cta title=&#8221;Neteja [&hellip;]<\/p>\n","protected":false},"author":1,"featured_media":0,"parent":0,"menu_order":0,"comment_status":"closed","ping_status":"closed","template":"","meta":{"_et_pb_use_builder":"on","_et_pb_old_content":"","_et_gb_content_width":"","footnotes":""},"class_list":["post-3049","page","type-page","status-publish","hentry"],"_links":{"self":[{"href":"https:\/\/www.felixgiralt.com\/ca\/wp-json\/wp\/v2\/pages\/3049","targetHints":{"allow":["GET"]}}],"collection":[{"href":"https:\/\/www.felixgiralt.com\/ca\/wp-json\/wp\/v2\/pages"}],"about":[{"href":"https:\/\/www.felixgiralt.com\/ca\/wp-json\/wp\/v2\/types\/page"}],"author":[{"embeddable":true,"href":"https:\/\/www.felixgiralt.com\/ca\/wp-json\/wp\/v2\/users\/1"}],"replies":[{"embeddable":true,"href":"https:\/\/www.felixgiralt.com\/ca\/wp-json\/wp\/v2\/comments?post=3049"}],"version-history":[{"count":5,"href":"https:\/\/www.felixgiralt.com\/ca\/wp-json\/wp\/v2\/pages\/3049\/revisions"}],"predecessor-version":[{"id":3703,"href":"https:\/\/www.felixgiralt.com\/ca\/wp-json\/wp\/v2\/pages\/3049\/revisions\/3703"}],"wp:attachment":[{"href":"https:\/\/www.felixgiralt.com\/ca\/wp-json\/wp\/v2\/media?parent=3049"}],"curies":[{"name":"wp","href":"https:\/\/api.w.org\/{rel}","templated":true}]}}