{"id":2823,"date":"2025-03-28T11:31:03","date_gmt":"2025-03-28T10:31:03","guid":{"rendered":"https:\/\/www.felixgiralt.com\/catalegs-productes-neteja-viaria\/"},"modified":"2025-07-08T11:19:07","modified_gmt":"2025-07-08T10:19:07","slug":"catalegs-productes-neteja-viaria","status":"publish","type":"page","link":"https:\/\/www.felixgiralt.com\/ca\/catalegs-productes-neteja-viaria\/","title":{"rendered":"Cat\u00e0legs"},"content":{"rendered":"<p>[et_pb_section fb_built=&#8221;1&#8243; _builder_version=&#8221;4.27.4&#8243; _module_preset=&#8221;default&#8221; custom_padding=&#8221;||0px||false|false&#8221; global_colors_info=&#8221;{}&#8221;][et_pb_row column_structure=&#8221;3_5,2_5&#8243; _builder_version=&#8221;4.27.4&#8243; _module_preset=&#8221;default&#8221; global_colors_info=&#8221;{}&#8221;][et_pb_column type=&#8221;3_5&#8243; _builder_version=&#8221;4.27.4&#8243; _module_preset=&#8221;default&#8221; global_colors_info=&#8221;{}&#8221;][et_pb_text _builder_version=&#8221;4.27.4&#8243; _module_preset=&#8221;default&#8221; global_colors_info=&#8221;{}&#8221;]<\/p>\n<h1>Cat\u00e0legs<\/h1>\n<p>A F\u00e8lix Giralt posem a la teva disposici\u00f3 els nostres cat\u00e0legs actualitzats perqu\u00e8 puguis consultar amb detall tota la gamma de productes de neteja vi\u00e0ria. Aqu\u00ed hi trobar\u00e0s informaci\u00f3 t\u00e8cnica, formats disponibles i les aplicacions m\u00e9s recomanades de cada article: escombres, raspalls, recollidors, \u00fatils de neteja i molt m\u00e9s.<\/p>\n<p>[\/et_pb_text][\/et_pb_column][et_pb_column type=&#8221;2_5&#8243; _builder_version=&#8221;4.27.4&#8243; _module_preset=&#8221;default&#8221; global_colors_info=&#8221;{}&#8221;][et_pb_blurb title=&#8221;Productes de neteja vi\u00e0ria&#8221; url=&#8221;https:\/\/www.felixgiralt.com\/wp-content\/uploads\/2025\/05\/01PRODUCTOSLIMPIEZAVIARIA1747647148.pdf&#8221; url_new_window=&#8221;on&#8221; image=&#8221;https:\/\/www.felixgiralt.com\/wp-content\/uploads\/2025\/05\/01PRODUCTOSLIMPIEZAVIARIA1747647148_page-0001.jpg&#8221; alt=&#8221;Cat\u00e0leg productes neteja Giralt Urbana&#8221; _builder_version=&#8221;4.27.4&#8243; _module_preset=&#8221;default&#8221; link_option_url_new_window=&#8221;on&#8221; global_colors_info=&#8221;{}&#8221;][\/et_pb_blurb][\/et_pb_column][\/et_pb_row][\/et_pb_section][et_pb_section fb_built=&#8221;1&#8243; _builder_version=&#8221;4.27.4&#8243; _module_preset=&#8221;default&#8221; global_colors_info=&#8221;{}&#8221;][et_pb_row column_structure=&#8221;1_5,1_5,1_5,1_5,1_5&#8243; _builder_version=&#8221;4.27.4&#8243; _module_preset=&#8221;default&#8221; global_colors_info=&#8221;{}&#8221;][et_pb_column type=&#8221;1_5&#8243; _builder_version=&#8221;4.27.4&#8243; _module_preset=&#8221;default&#8221; global_colors_info=&#8221;{}&#8221;][et_pb_blurb title=&#8221;Escombres EM&#8221; url=&#8221;https:\/\/www.felixgiralt.com\/wp-content\/uploads\/2025\/05\/02SerieescobasEM1747647148.pdf&#8221; url_new_window=&#8221;on&#8221; image=&#8221;https:\/\/www.felixgiralt.com\/wp-content\/uploads\/2025\/05\/02SerieescobasEM1747647148_page-0001.jpg&#8221; alt=&#8221;cataleg escombres serie em giralt urbana&#8221; _builder_version=&#8221;4.27.4&#8243; _module_preset=&#8221;default&#8221; link_option_url_new_window=&#8221;on&#8221; global_colors_info=&#8221;{}&#8221;][\/et_pb_blurb][\/et_pb_column][et_pb_column type=&#8221;1_5&#8243; _builder_version=&#8221;4.27.4&#8243; _module_preset=&#8221;default&#8221; global_colors_info=&#8221;{}&#8221;][et_pb_blurb title=&#8221;Escombres Bru-Plast Rodones&#8221; url=&#8221;https:\/\/www.felixgiralt.com\/wp-content\/uploads\/2025\/05\/03SerieescobasBPR1747647148.pdf&#8221; url_new_window=&#8221;on&#8221; image=&#8221;https:\/\/www.felixgiralt.com\/wp-content\/uploads\/2025\/05\/03SerieescobasBPR1747647148_page-0001.jpg&#8221; alt=&#8221;cataleg escombres serie bru plast compressed giralt urbana&#8221; _builder_version=&#8221;4.27.4&#8243; _module_preset=&#8221;default&#8221; link_option_url_new_window=&#8221;on&#8221; global_colors_info=&#8221;{}&#8221;][\/et_pb_blurb][\/et_pb_column][et_pb_column type=&#8221;1_5&#8243; _builder_version=&#8221;4.27.4&#8243; _module_preset=&#8221;default&#8221; global_colors_info=&#8221;{}&#8221;][et_pb_blurb title=&#8221;Escombres Bru-Plast Planes&#8221; url=&#8221;https:\/\/www.felixgiralt.com\/wp-content\/uploads\/2025\/05\/04SerieescobasBPP1747647148.pdf&#8221; url_new_window=&#8221;on&#8221; image=&#8221;https:\/\/www.felixgiralt.com\/wp-content\/uploads\/2025\/05\/04SerieescobasBPP1747647148_page-0001.jpg&#8221; alt=&#8221;cataleg escombres serie bru plast giralt urbana&#8221; _builder_version=&#8221;4.27.4&#8243; _module_preset=&#8221;default&#8221; link_option_url_new_window=&#8221;on&#8221; global_colors_info=&#8221;{}&#8221;][\/et_pb_blurb][\/et_pb_column][et_pb_column type=&#8221;1_5&#8243; _builder_version=&#8221;4.27.4&#8243; _module_preset=&#8221;default&#8221; global_colors_info=&#8221;{}&#8221;][et_pb_blurb title=&#8221;Escombres Mill-Plast \/ EM&#8221; url=&#8221;https:\/\/www.felixgiralt.com\/wp-content\/uploads\/2025\/05\/05SerieescobasMILLPLASTEM1747647148-1.pdf&#8221; url_new_window=&#8221;on&#8221; image=&#8221;https:\/\/www.felixgiralt.com\/wp-content\/uploads\/2025\/05\/05SerieescobasMILLPLASTEM1747647148_page-0001.jpg&#8221; alt=&#8221;cataleg escombres millplast giralt urbana&#8221; _builder_version=&#8221;4.27.4&#8243; _module_preset=&#8221;default&#8221; link_option_url_new_window=&#8221;on&#8221; global_colors_info=&#8221;{}&#8221;][\/et_pb_blurb][\/et_pb_column][et_pb_column type=&#8221;1_5&#8243; _builder_version=&#8221;4.27.4&#8243; _module_preset=&#8221;default&#8221; global_colors_info=&#8221;{}&#8221;][et_pb_blurb title=&#8221;Escombres Fibres Naturals&#8221; url=&#8221;https:\/\/www.felixgiralt.com\/wp-content\/uploads\/2025\/05\/06SerieescobasFN1747647148.pdf&#8221; url_new_window=&#8221;on&#8221; image=&#8221;https:\/\/www.felixgiralt.com\/wp-content\/uploads\/2025\/05\/06SerieescobasFN1747647148_page-0001.jpg&#8221; alt=&#8221;cataleg serie escombres giralt urbana&#8221; _builder_version=&#8221;4.27.4&#8243; _module_preset=&#8221;default&#8221; link_option_url_new_window=&#8221;on&#8221; global_colors_info=&#8221;{}&#8221;][\/et_pb_blurb][\/et_pb_column][\/et_pb_row][et_pb_row column_structure=&#8221;1_5,1_5,1_5,1_5,1_5&#8243; _builder_version=&#8221;4.27.4&#8243; _module_preset=&#8221;default&#8221; global_colors_info=&#8221;{}&#8221;][et_pb_column type=&#8221;1_5&#8243; _builder_version=&#8221;4.27.4&#8243; _module_preset=&#8221;default&#8221; global_colors_info=&#8221;{}&#8221;][et_pb_blurb title=&#8221;Raspalls RM&#8221; url=&#8221;https:\/\/www.felixgiralt.com\/wp-content\/uploads\/2025\/05\/07SeriecepillosRM1747647146-1.pdf&#8221; url_new_window=&#8221;on&#8221; image=&#8221;https:\/\/www.felixgiralt.com\/wp-content\/uploads\/2025\/05\/07SeriecepillosRM1747647146_page-0001.jpg&#8221; alt=&#8221;cataleg raspalls serie rm giralt urbana&#8221; _builder_version=&#8221;4.27.4&#8243; _module_preset=&#8221;default&#8221; link_option_url_new_window=&#8221;on&#8221; global_colors_info=&#8221;{}&#8221;][\/et_pb_blurb][\/et_pb_column][et_pb_column type=&#8221;1_5&#8243; _builder_version=&#8221;4.27.4&#8243; _module_preset=&#8221;default&#8221; global_colors_info=&#8221;{}&#8221;][et_pb_blurb title=&#8221;Escombretes EM&#8221; url=&#8221;https:\/\/www.felixgiralt.com\/wp-content\/uploads\/2025\/05\/08SerieescobijosEM1747647148.pdf&#8221; url_new_window=&#8221;on&#8221; image=&#8221;https:\/\/www.felixgiralt.com\/wp-content\/uploads\/2025\/05\/08SerieescobijosEM1747647148_page-0001.jpg&#8221; _builder_version=&#8221;4.27.4&#8243; _module_preset=&#8221;default&#8221; link_option_url_new_window=&#8221;on&#8221; global_colors_info=&#8221;{}&#8221;][\/et_pb_blurb][\/et_pb_column][et_pb_column type=&#8221;1_5&#8243; _builder_version=&#8221;4.27.4&#8243; _module_preset=&#8221;default&#8221; global_colors_info=&#8221;{}&#8221;][et_pb_blurb title=&#8221;Carretons VIARIA&#8221; url=&#8221;https:\/\/www.felixgiralt.com\/wp-content\/uploads\/2025\/05\/CATALOGO-CARROS-LIMPIEZA-VIARIA-DE-ACERO-INOXIDABLE-1.pdf&#8221; url_new_window=&#8221;on&#8221; image=&#8221;https:\/\/www.felixgiralt.com\/wp-content\/uploads\/2025\/05\/CATALOGO-CARROS-LIMPIEZA-VIARIA-DE-ACERO-INOXIDABLE-1_page-0008.jpg&#8221; alt=&#8221;cataleg carros viaria giralt urbana&#8221; _builder_version=&#8221;4.27.4&#8243; _module_preset=&#8221;default&#8221; link_option_url_new_window=&#8221;on&#8221; global_colors_info=&#8221;{}&#8221;][\/et_pb_blurb][\/et_pb_column][et_pb_column type=&#8221;1_5&#8243; _builder_version=&#8221;4.27.4&#8243; _module_preset=&#8221;default&#8221; global_colors_info=&#8221;{}&#8221;][et_pb_blurb title=&#8221;Rasclets&#8221; url=&#8221;https:\/\/www.felixgiralt.com\/wp-content\/uploads\/2025\/05\/10SerieRASTRILLOS1747647148.pdf&#8221; url_new_window=&#8221;on&#8221; image=&#8221;https:\/\/www.felixgiralt.com\/wp-content\/uploads\/2025\/05\/10SerieRASTRILLOS1747647148_page-0001.jpg&#8221; alt=&#8221;cataleg rasclets giralt urbana&#8221; _builder_version=&#8221;4.27.4&#8243; _module_preset=&#8221;default&#8221; link_option_url_new_window=&#8221;on&#8221; global_colors_info=&#8221;{}&#8221;][\/et_pb_blurb][\/et_pb_column][et_pb_column type=&#8221;1_5&#8243; _builder_version=&#8221;4.27.4&#8243; _module_preset=&#8221;default&#8221; global_colors_info=&#8221;{}&#8221;][et_pb_blurb title=&#8221;Recollidors VIARIA&#8221; url=&#8221;https:\/\/www.felixgiralt.com\/wp-content\/uploads\/2025\/05\/11SeriePALASPUNZONYRECOGEDORES1747647148-1.pdf&#8221; url_new_window=&#8221;on&#8221; image=&#8221;https:\/\/www.felixgiralt.com\/wp-content\/uploads\/2025\/05\/11SeriePALASPUNZONYRECOGEDORES1747647148_page-0001.jpg&#8221; _builder_version=&#8221;4.27.4&#8243; _module_preset=&#8221;default&#8221; link_option_url_new_window=&#8221;on&#8221; global_colors_info=&#8221;{}&#8221;][\/et_pb_blurb][\/et_pb_column][\/et_pb_row][et_pb_row column_structure=&#8221;1_5,1_5,1_5,1_5,1_5&#8243; _builder_version=&#8221;4.27.4&#8243; _module_preset=&#8221;default&#8221; global_colors_info=&#8221;{}&#8221;][et_pb_column type=&#8221;1_5&#8243; _builder_version=&#8221;4.27.4&#8243; _module_preset=&#8221;default&#8221; global_colors_info=&#8221;{}&#8221;][et_pb_blurb title=&#8221;Raspalls VIARIA&#8221; url=&#8221;https:\/\/www.felixgiralt.com\/wp-content\/uploads\/2025\/05\/14SeriecepillosBARRENDEROYLAVACARROCERIAS1747647148.pdf&#8221; url_new_window=&#8221;on&#8221; image=&#8221;https:\/\/www.felixgiralt.com\/wp-content\/uploads\/2025\/05\/14SeriecepillosBARRENDEROYLAVACARROCERIAS1747647148_page-0001.jpg&#8221; alt=&#8221;cataleg raspalls escombradors giralt urbana&#8221; _builder_version=&#8221;4.27.4&#8243; _module_preset=&#8221;default&#8221; global_colors_info=&#8221;{}&#8221;][\/et_pb_blurb][\/et_pb_column][et_pb_column type=&#8221;1_5&#8243; _builder_version=&#8221;4.27.4&#8243; _module_preset=&#8221;default&#8221; global_colors_info=&#8221;{}&#8221;][et_pb_blurb title=&#8221;Pinces VIARIA&#8221; url=&#8221;https:\/\/www.felixgiralt.com\/wp-content\/uploads\/2025\/07\/12.-Serie-PINZAS-Y-AROS-RECOGEDORES.pdf&#8221; url_new_window=&#8221;on&#8221; image=&#8221;https:\/\/www.felixgiralt.com\/wp-content\/uploads\/2025\/07\/12.-Serie-PINZAS-Y-AROS-RECOGEDORES.png&#8221; alt=&#8221;cataleg pinces giralt urbana&#8221; _builder_version=&#8221;4.27.4&#8243; _module_preset=&#8221;default&#8221; link_option_url_new_window=&#8221;on&#8221; hover_enabled=&#8221;0&#8243; global_colors_info=&#8221;{}&#8221; title_text=&#8221;12.- Serie PINZAS Y AROS RECOGEDORES&#8221; sticky_enabled=&#8221;0&#8243;][\/et_pb_blurb][\/et_pb_column][et_pb_column type=&#8221;1_5&#8243; _builder_version=&#8221;4.27.4&#8243; _module_preset=&#8221;default&#8221; global_colors_info=&#8221;{}&#8221;][et_pb_blurb title=&#8221;Cabassos VIARIA&#8221; url=&#8221;https:\/\/www.felixgiralt.com\/wp-content\/uploads\/2025\/05\/13SerieCAPAZOS1747647147-1.pdf&#8221; url_new_window=&#8221;on&#8221; image=&#8221;https:\/\/www.felixgiralt.com\/wp-content\/uploads\/2025\/05\/13SerieCAPAZOS1747647147_page-0001.jpg&#8221; alt=&#8221;cataleg cabassos giralt urbana&#8221; _builder_version=&#8221;4.27.4&#8243; _module_preset=&#8221;default&#8221; link_option_url_new_window=&#8221;on&#8221; global_colors_info=&#8221;{}&#8221;][\/et_pb_blurb][\/et_pb_column][et_pb_column type=&#8221;1_5&#8243; _builder_version=&#8221;4.27.4&#8243; _module_preset=&#8221;default&#8221; global_colors_info=&#8221;{}&#8221;][et_pb_blurb title=&#8221;M\u00e0necs MET\u00c0L\u00b7LICS&#8221; url=&#8221;https:\/\/www.felixgiralt.com\/wp-content\/uploads\/2025\/07\/16-Serie-MANGOS-DE-ALUMINIO.pdf&#8221; url_new_window=&#8221;on&#8221; image=&#8221;https:\/\/www.felixgiralt.com\/wp-content\/uploads\/2025\/07\/16-Serie-MANGOS-DE-ALUMINIO.png&#8221; alt=&#8221;cataleg cabassos giralt urbana&#8221; _builder_version=&#8221;4.27.4&#8243; _module_preset=&#8221;default&#8221; link_option_url_new_window=&#8221;on&#8221; locked=&#8221;off&#8221; global_colors_info=&#8221;{}&#8221;][\/et_pb_blurb][\/et_pb_column][et_pb_column type=&#8221;1_5&#8243; _builder_version=&#8221;4.27.4&#8243; _module_preset=&#8221;default&#8221; global_colors_info=&#8221;{}&#8221;][et_pb_blurb title=&#8221;M\u00e0necs de FUSTA&#8221; url=&#8221;https:\/\/www.felixgiralt.com\/wp-content\/uploads\/2025\/07\/15-Serie-MANGOS-DE-MADERA.pdf&#8221; url_new_window=&#8221;on&#8221; image=&#8221;https:\/\/www.felixgiralt.com\/wp-content\/uploads\/2025\/07\/15-Serie-MANGOS-DE-MADERA.png&#8221; alt=&#8221;cataleg cabassos giralt urbana&#8221; _builder_version=&#8221;4.27.4&#8243; _module_preset=&#8221;default&#8221; link_option_url_new_window=&#8221;on&#8221; locked=&#8221;off&#8221; global_colors_info=&#8221;{}&#8221;][\/et_pb_blurb][\/et_pb_column][\/et_pb_row][\/et_pb_section]<\/p>\n","protected":false},"excerpt":{"rendered":"<p>Cat\u00e0legs A F\u00e8lix Giralt posem a la teva disposici\u00f3 els nostres cat\u00e0legs actualitzats perqu\u00e8 puguis consultar amb detall tota la gamma de productes de neteja vi\u00e0ria. Aqu\u00ed hi trobar\u00e0s informaci\u00f3 t\u00e8cnica, formats disponibles i les aplicacions m\u00e9s recomanades de cada article: escombres, raspalls, recollidors, \u00fatils de neteja i molt m\u00e9s.<\/p>\n","protected":false},"author":1,"featured_media":0,"parent":0,"menu_order":0,"comment_status":"closed","ping_status":"closed","template":"","meta":{"_et_pb_use_builder":"on","_et_pb_old_content":"","_et_gb_content_width":"","footnotes":""},"class_list":["post-2823","page","type-page","status-publish","hentry"],"_links":{"self":[{"href":"https:\/\/www.felixgiralt.com\/ca\/wp-json\/wp\/v2\/pages\/2823","targetHints":{"allow":["GET"]}}],"collection":[{"href":"https:\/\/www.felixgiralt.com\/ca\/wp-json\/wp\/v2\/pages"}],"about":[{"href":"https:\/\/www.felixgiralt.com\/ca\/wp-json\/wp\/v2\/types\/page"}],"author":[{"embeddable":true,"href":"https:\/\/www.felixgiralt.com\/ca\/wp-json\/wp\/v2\/users\/1"}],"replies":[{"embeddable":true,"href":"https:\/\/www.felixgiralt.com\/ca\/wp-json\/wp\/v2\/comments?post=2823"}],"version-history":[{"count":5,"href":"https:\/\/www.felixgiralt.com\/ca\/wp-json\/wp\/v2\/pages\/2823\/revisions"}],"predecessor-version":[{"id":3609,"href":"https:\/\/www.felixgiralt.com\/ca\/wp-json\/wp\/v2\/pages\/2823\/revisions\/3609"}],"wp:attachment":[{"href":"https:\/\/www.felixgiralt.com\/ca\/wp-json\/wp\/v2\/media?parent=2823"}],"curies":[{"name":"wp","href":"https:\/\/api.w.org\/{rel}","templated":true}]}}