{"id":156,"date":"2025-03-27T10:40:41","date_gmt":"2025-03-27T09:40:41","guid":{"rendered":"https:\/\/www.felixgiralt.com\/?page_id=156"},"modified":"2025-07-08T12:16:19","modified_gmt":"2025-07-08T11:16:19","slug":"politica-de-privacitat","status":"publish","type":"page","link":"https:\/\/www.felixgiralt.com\/ca\/politica-de-privacitat\/","title":{"rendered":"Pol\u00edtica de privacitat"},"content":{"rendered":"\n<h2 class=\"wp-block-heading\"><br>1. INFORMACI\u00d3 A L\u2019USUARI &nbsp;<\/h2>\n\n\n\n<p>Qui \u00e9s el responsable del tractament de les teves dades personals?<\/p>\n\n\n\n<p>GIRALT URBANA &amp; INDUSTRIAL S.L. \u00e9s el RESPONSABLE del tractament de les dades personals de l\u2019USUARI i l\u2019informa que aquestes dades seran tractades de conformitat amb el que estableix el Reglament (UE) 2016\/679, de 27 d\u2019abril (GDPR), i la Llei Org\u00e0nica 3\/2018, de 5 de desembre (LOPDGDD).<\/p>\n\n\n\n<h3 class=\"wp-block-heading\">Per a qu\u00e8 tractem les teves dades personals?<\/h3>\n\n\n\n<p>Per mantenir una relaci\u00f3 comercial amb l\u2019usuari. Les operacions previstes per a realitzar el tractament s\u00f3n:<\/p>\n\n\n\n<ul class=\"wp-block-list\">\n<li>Enviament de comunicacions comercials publicit\u00e0ries per correu electr\u00f2nic, fax, SMS, MMS, xarxes socials o qualsevol altre mitj\u00e0 electr\u00f2nic o f\u00edsic, present o futur, que possibiliti realitzar comunicacions comercials. Aquestes comunicacions seran realitzades pel RESPONSABLE i estaran relacionades amb els seus productes i serveis, o amb els dels seus col\u00b7laboradors o prove\u00efdors, amb els quals aquest hagi arribat a algun acord de promoci\u00f3. En aquest cas, els tercers mai tindran acc\u00e9s a les dades personals.<\/li>\n\n\n\n<li>Realitzar estudis de mercat i an\u00e0lisis estad\u00edstics.<\/li>\n\n\n\n<li>Tramitar enc\u00e0rrecs, sol\u00b7licituds, respondre consultes o qualsevol tipus de petici\u00f3 que sigui realitzada per l\u2019USUARI a trav\u00e9s de qualsevol dels mitjans de contacte que es posen a la seva disposici\u00f3 al lloc web del RESPONSABLE.<\/li>\n\n\n\n<li>Enviar el butllet\u00ed informatiu en l\u00ednia sobre novetats, ofertes i promocions de la nostra activitat.<\/li>\n<\/ul>\n\n\n\n<h3 class=\"wp-block-heading\">Per quin motiu podem tractar les teves dades personals?<\/h3>\n\n\n\n<p>Perqu\u00e8 el tractament est\u00e0 legitimat per l\u2019article 6 del GDPR de la seg\u00fcent manera:<\/p>\n\n\n\n<ul class=\"wp-block-list\">\n<li>Amb el consentiment de l\u2019USUARI: enviament de comunicacions comercials i del butllet\u00ed informatiu.<\/li>\n\n\n\n<li>Per inter\u00e8s leg\u00edtim del RESPONSABLE: realitzar estudis de mercat, an\u00e0lisis estad\u00edstiques, etc., i tramitar enc\u00e0rrecs, sol\u00b7licituds, etc., a petici\u00f3 de l\u2019USUARI.<\/li>\n<\/ul>\n\n\n\n<h3 class=\"wp-block-heading\">Durant quant de temps guardarem les teves dades personals?<\/h3>\n\n\n\n<p>Es conservaran durant no m\u00e9s temps del necessari per mantenir la finalitat del tractament o mentre existeixin prescripcions legals que dictaminin la seva cust\u00f2dia. Quan ja no siguin necess\u00e0ries, es suprimiran amb mesures de seguretat adequades per garantir l\u2019anonimitzaci\u00f3 de les dades o la destrucci\u00f3 total de les mateixes.<\/p>\n\n\n\n<h3 class=\"wp-block-heading\">A qui facilitem les teves dades personals?<\/h3>\n\n\n\n<p>No est\u00e0 prevista cap comunicaci\u00f3 de dades personals a tercers, llevat que sigui necessari per al desenvolupament i execuci\u00f3 de les finalitats del tractament, als nostres prove\u00efdors de serveis relacionats amb comunicacions, amb els quals el RESPONSABLE ha subscrit els contractes de confidencialitat i d\u2019encarregat de tractament exigits per la normativa vigent de privacitat.<\/p>\n\n\n\n<h3 class=\"wp-block-heading\">Quins s\u00f3n els teus drets?<\/h3>\n\n\n\n<p>Els drets que assisteixen a l\u2019USUARI s\u00f3n:<\/p>\n\n\n\n<ul class=\"wp-block-list\">\n<li>Dret a presentar una reclamaci\u00f3 davant l\u2019autoritat de control (<a href=\"https:\/\/www.aepd.es\/\" target=\"_blank\" rel=\"noreferrer noopener\">www.aepd.es<\/a>) si considera que el tractament no s\u2019ajusta a la normativa vigent.<\/li>\n\n\n\n<li>Dret a retirar el consentiment en qualsevol moment.<\/li>\n\n\n\n<li>Dret d\u2019acc\u00e9s, rectificaci\u00f3, portabilitat i supressi\u00f3 de les seves dades, i de limitaci\u00f3 o oposici\u00f3 al seu tractament.<\/li>\n<\/ul>\n\n\n\n<h3 class=\"wp-block-heading\">Dades de contacte per exercir els teus drets: &nbsp;<\/h3>\n\n\n\n<p>GIRALT URBANA &amp; INDUSTRIAL S.L. , AVENIDA VERGE DE MONTSERRAT, 85-87, POL\u00cdGONO INDUSTRIAL SANT PERE MOLANTA 08739 SANT PERE MOLANTA, BARCELONA   <mark style=\"background-color:rgba(0, 0, 0, 0)\" class=\"has-inline-color has-vivid-red-color\">Correu electr\u00f2nic:<\/mark><\/p>\n\n\n\n<h2 class=\"wp-block-heading\">2. CAR\u00c0CTER OBLIGATORI O FACULTATIU DE LA INFORMACI\u00d3 FACILITADA PER L\u2019USUARI<\/h2>\n\n\n\n<p>Els USUARIS, mitjan\u00e7ant la marcaci\u00f3 de les caselles corresponents i la introducci\u00f3 de dades en els camps, marcats amb un asterisc (*) al formulari de contacte o presentats en formularis de desc\u00e0rrega, accepten expressament i de forma lliure i inequ\u00edvoca, que les seves dades s\u00f3n necess\u00e0ries per atendre la seva petici\u00f3, per part del prestador, sent volunt\u00e0ria la inclusi\u00f3 de dades en els camps restants. L\u2019USUARI garanteix que les dades personals facilitades al RESPONSABLE s\u00f3n veraces i es fa responsable de comunicar qualsevol modificaci\u00f3 de les mateixes. &nbsp;<\/p>\n\n\n\n<p>El RESPONSABLE informa que totes les dades sol\u00b7licitades a trav\u00e9s del lloc web s\u00f3n obligat\u00f2ries, ja que s\u00f3n necess\u00e0ries per a la prestaci\u00f3 d\u2019un servei \u00f2ptim a l\u2019USUARI. En cas que no es facilitin totes les dades, no es garanteix que la informaci\u00f3 i serveis facilitats s\u2019ajustin completament a les seves necessitats.<\/p>\n\n\n\n<h2 class=\"wp-block-heading\">3. MESURES DE SEGURETAT<\/h2>\n\n\n\n<p>D\u2019acord amb el que disposa la normativa vigent en protecci\u00f3 de dades personals, el RESPONSABLE est\u00e0 complint amb totes les disposicions de les normatives GDPR i LOPDGDD per al tractament de les dades personals sota la seva responsabilitat, i manifesta expressament que els principis descrits a l\u2019article 5 del GDPR s\u00f3n respectats, pel qual les dades s\u00f3n tractades de manera l\u00edcita, lleial i transparent en relaci\u00f3 amb l\u2019interessat, i s\u00f3n adequades, pertinents i limitades al necessari en relaci\u00f3 amb les finalitats per a les quals s\u00f3n tractades. &nbsp;<\/p>\n\n\n\n<p>El RESPONSABLE garanteix que ha implementat pol\u00edtiques t\u00e8cniques i organitzatives adequades per aplicar les mesures de seguretat que estableixen el GDPR i la LOPDGDD amb l\u2019objectiu de protegir els drets i llibertats dels USUARIS, i els ha comunicat la informaci\u00f3 adequada perqu\u00e8 puguin exercir-los.<\/p>\n\n\n\n<p>Per obtenir m\u00e9s informaci\u00f3 sobre les garanties de privacitat, pots dirigir-te al RESPONSABLE a trav\u00e9s de: &nbsp;<\/p>\n\n\n\n<p>GIRALT URBANA &amp; INDUSTRIAL S.L. , AVENIDA VERGE DE MONTSERRAT, 85-87, POL\u00cdGONO INDUSTRIAL SANT PERE MOLANTA 08799 OL\u00c8RDOLA, BARCELONA <mark style=\"background-color:rgba(0, 0, 0, 0)\" class=\"has-inline-color has-vivid-red-color\">Correu electr\u00f2nic:<\/mark><\/p>\n","protected":false},"excerpt":{"rendered":"<p>1. INFORMACI\u00d3 A L\u2019USUARI &nbsp; Qui \u00e9s el responsable del tractament de les teves dades personals? GIRALT URBANA &amp; INDUSTRIAL S.L. \u00e9s el RESPONSABLE del tractament de les dades personals de l\u2019USUARI i l\u2019informa que aquestes dades seran tractades de conformitat amb el que estableix el Reglament (UE) 2016\/679, de 27 d\u2019abril (GDPR), i la [&hellip;]<\/p>\n","protected":false},"author":1,"featured_media":0,"parent":0,"menu_order":0,"comment_status":"closed","ping_status":"closed","template":"","meta":{"_et_pb_use_builder":"off","_et_pb_old_content":"","_et_gb_content_width":"","footnotes":""},"class_list":["post-156","page","type-page","status-publish","hentry"],"_links":{"self":[{"href":"https:\/\/www.felixgiralt.com\/ca\/wp-json\/wp\/v2\/pages\/156","targetHints":{"allow":["GET"]}}],"collection":[{"href":"https:\/\/www.felixgiralt.com\/ca\/wp-json\/wp\/v2\/pages"}],"about":[{"href":"https:\/\/www.felixgiralt.com\/ca\/wp-json\/wp\/v2\/types\/page"}],"author":[{"embeddable":true,"href":"https:\/\/www.felixgiralt.com\/ca\/wp-json\/wp\/v2\/users\/1"}],"replies":[{"embeddable":true,"href":"https:\/\/www.felixgiralt.com\/ca\/wp-json\/wp\/v2\/comments?post=156"}],"version-history":[{"count":2,"href":"https:\/\/www.felixgiralt.com\/ca\/wp-json\/wp\/v2\/pages\/156\/revisions"}],"predecessor-version":[{"id":3621,"href":"https:\/\/www.felixgiralt.com\/ca\/wp-json\/wp\/v2\/pages\/156\/revisions\/3621"}],"wp:attachment":[{"href":"https:\/\/www.felixgiralt.com\/ca\/wp-json\/wp\/v2\/media?parent=156"}],"curies":[{"name":"wp","href":"https:\/\/api.w.org\/{rel}","templated":true}]}}